{"id":4132,"date":"2022-05-14T15:17:40","date_gmt":"2022-05-14T13:17:40","guid":{"rendered":"https:\/\/viveestetica.es\/?page_id=4132"},"modified":"2026-01-15T13:09:25","modified_gmt":"2026-01-15T11:09:25","slug":"lippenfeuchtigkeit","status":"publish","type":"page","link":"https:\/\/viveestetica.es\/de\/lippenfeuchtigkeit","title":{"rendered":"Lippenfeuchtigkeit"},"content":{"rendered":"<p>[vc_row][vc_column]<div style=\"background-color:;height: 40px\" class=\"nicdark_section  \"><\/div> <h4 style=\"color:#a3a3a3;padding:px;text-align:center;font-size:17px;line-height:17px;letter-spacing: 3px;font-weight:lighter\" class=\"   nd_options_second_font \">BEHANDLUNG<\/h4> <div style=\"background-color:;height: 20px\" class=\"nicdark_section  \"><\/div> <h1 style=\"color:#a3a3a3;padding:px;text-align:center;font-size:35px;line-height:35px;letter-spacing: px;font-weight:bold\" class=\"   nd_options_first_font \">Lippenfeuchtigkeit<\/h1> <div style=\"background-color:;height: 95px\" class=\"nicdark_section  \"><\/div>[\/vc_column][\/vc_row][vc_row][vc_column width=&#8220;2\/3&#8243;] <h2 style=\"color:#727475;padding:px;text-align:;font-size:25px;line-height:25px;letter-spacing: px;font-weight:normal\" class=\"   nd_options_first_font \">Woraus besteht eine Lippenfeuchtigkeitsbehandlung?<\/h2> <div style=\"background-color:;height: 20px\" class=\"nicdark_section  \"><\/div>[vc_column_text]<span style=\"font-weight: 400;\">Es ist eine Lippenbehandlung, bei der wir die Dermapen-Technik anwenden, deren Ziel es ist, die Lippen tief mit Feuchtigkeit zu versorgen, ihnen Volumen und eine sehr nat\u00fcrliche Farbbasis zu verleihen.<\/span><\/p>\n<p><span style=\"font-weight: 400;\">Mit dieser Technik k\u00f6nnen wir: die Lippen bekr\u00e4ftigen, anheben und verj\u00fcngen. Ebenso versorgt es sie mit Feuchtigkeit durch die Einarbeitung von Hyalurons\u00e4ure.<\/span>[\/vc_column_text][\/vc_column][vc_column width=&#8220;1\/3&#8243;][vc_row_inner][vc_column_inner el_class=&#8220;nd_options_padding_20_first_div_important_responsive&#8220; css=&#8220;.vc_custom_1485874450672{border-top-width: 1px !important;border-right-width: 1px !important;border-bottom-width: 1px !important;border-left-width: 1px !important;padding-top: 40px !important;padding-right: 40px !important;padding-bottom: 40px !important;padding-left: 40px !important;border-left-color: #f1f1f1 !important;border-left-style: solid !important;border-right-color: #f1f1f1 !important;border-right-style: solid !important;border-top-color: #f1f1f1 !important;border-top-style: solid !important;border-bottom-color: #f1f1f1 !important;border-bottom-style: solid !important;}&#8220;] <h5 style=\"color:#e4bdef;padding:px;text-align:center;font-size:18px;line-height:15px;letter-spacing: 3px;font-weight:bold\" class=\"   nd_options_second_font \">PREISE<\/h5> <div style=\"background-color:;height: 10px\" class=\"nicdark_section  \"><\/div> <h2 style=\"color:;padding:px;text-align:center;font-size:20px;line-height:25px;letter-spacing: px;font-weight:normal\" class=\"    \">Lippenfeuchtigkeit<\/h2> <div style=\"background-color:;height: 40px\" class=\"nicdark_section  \"><\/div>\n    <div class=\" nd_options_list_component_l1 nd_options_section nd_options_position_relative  \">\n\n        \n        \n        <div class=\"nd_options_section nd_options_height_15\"><\/div>\n        <div class=\"nd_options_section nd_options_position_relative\">\n            <div class=\"nd_options_position_absolute nd_options_height_3 nd_options_width_100_percentage nd_options_bottom_2 nd_options_border_bottom_2_dotted_grey\"><\/div>\n            <h4 class=\"  nd_options_bg_white nd_options_float_left nd_options_position_relative nd_options_padding_right_10\"><strong>1 Sitzung<\/strong><\/h4>\n            <h4 class=\"nd_options_bg_white nd_options_float_right nd_options_position_relative nd_options_padding_left_10\"><strong>45\u20ac<\/strong><\/h4>\n        <\/div>\n        <div class=\"nd_options_section nd_options_height_10\"><\/div>\n        <div class=\"nd_options_section\">\n            <p class=\"  nd_options_font_weight_lighter nd_options_float_left\"><\/p>\n            <p style=\"background-color:\" class=\" nd_options_color_grey nd_options_border_1_solid_grey nd_options_display_inline_block nd_options_first_font nd_options_padding_5_10 nd_options_border_radius_15 nd_options_float_right nd_options_font_size_13\"><\/p>\n        <\/div>\n    <\/div>\n  <div style=\"background-color:;height: 10px\" class=\"nicdark_section  \"><\/div>[\/vc_column_inner][\/vc_row_inner][\/vc_column][\/vc_row][vc_row css=&#8220;.vc_custom_1485343525324{margin-top: 40px !important;}&#8220;][vc_column] <h2 style=\"color:#727475;padding:px;text-align:;font-size:25px;line-height:25px;letter-spacing: px;font-weight:normal\" class=\"   nd_options_first_font \">Behandlungsvorteile<\/h2> <div style=\"background-color:;height: 20px\" class=\"nicdark_section  \"><\/div>[vc_column_text]<\/p>\n<ul>\n<li style=\"list-style-type: none;\">\n<ul>\n<li style=\"font-weight: 400;\" aria-level=\"1\"><span style=\"font-weight: 400;\">Lippenverj\u00fcngung<\/span><\/li>\n<li style=\"font-weight: 400;\" aria-level=\"1\"><span style=\"font-weight: 400;\">Glattere, nat\u00fcrlichere Lippen<\/span><\/li>\n<li style=\"font-weight: 400;\" aria-level=\"1\"><span style=\"font-weight: 400;\">Gut hydratisierte Lippen mit Balsameffekt<\/span><\/li>\n<li style=\"font-weight: 400;\" aria-level=\"1\"><span style=\"font-weight: 400;\">Tiefe Hydratation.<\/span><\/li>\n<li style=\"font-weight: 400;\" aria-level=\"1\"><span style=\"font-weight: 400;\">Textur verbessern<\/span><\/li>\n<li style=\"font-weight: 400;\" aria-level=\"1\"><span style=\"font-weight: 400;\">Beseitigt spr\u00f6de Lippen und Trockenheit<\/span><\/li>\n<\/ul>\n<\/li>\n<\/ul>\n<p>[\/vc_column_text]<div style=\"background-color:;height: 40px\" class=\"nicdark_section  \"><\/div>[\/vc_column][\/vc_row][vc_row css=&#8220;.vc_custom_1485343471596{margin-top: 20px !important;}&#8220;][vc_column css_animation=&#8220;slideInLeft&#8220;]\n    <div style=\"text-align:center\" class=\"nd_options_section\">\n      <img decoding=\"async\" alt=\"\" style=\"width:50%\" class=\" nd_options_margin_0 nd_options_padding_0 \" src=\"https:\/\/viveestetica.es\/wp-content\/uploads\/2022\/05\/hidratacionlabios-1024x579.jpg\">\n    <\/div>\n   [\/vc_column][\/vc_row][vc_row][vc_column]<div style=\"background-color:;height: 40px\" class=\"nicdark_section  \"><\/div>[\/vc_column][\/vc_row]<\/p>\n","protected":false},"excerpt":{"rendered":"<p>[vc_row][vc_column][\/vc_column][\/vc_row][vc_row][vc_column width=&#8220;2\/3&#8243;][vc_column_text]Es ist eine Lippenbehandlung, bei der wir die Dermapen-Technik anwenden, deren Ziel es ist, die Lippen tief mit Feuchtigkeit zu versorgen, ihnen Volumen und eine sehr nat\u00fcrliche Farbbasis zu verleihen. Mit dieser Technik k\u00f6nnen wir: die Lippen bekr\u00e4ftigen, anheben und verj\u00fcngen. Ebenso versorgt es sie mit Feuchtigkeit durch die Einarbeitung von Hyalurons\u00e4ure.[\/vc_column_text][\/vc_column][vc_column width=&#8220;1\/3&#8243;][vc_row_inner][vc_column_inner el_class=&#8220;nd_options_padding_20_first_div_important_responsive&#8220; [&hellip;]<\/p>\n","protected":false},"author":1,"featured_media":0,"parent":0,"menu_order":0,"comment_status":"closed","ping_status":"closed","template":"","meta":{"footnotes":""},"class_list":["post-4132","page","type-page","status-publish","hentry"],"_links":{"self":[{"href":"https:\/\/viveestetica.es\/de\/wp-json\/wp\/v2\/pages\/4132"}],"collection":[{"href":"https:\/\/viveestetica.es\/de\/wp-json\/wp\/v2\/pages"}],"about":[{"href":"https:\/\/viveestetica.es\/de\/wp-json\/wp\/v2\/types\/page"}],"author":[{"embeddable":true,"href":"https:\/\/viveestetica.es\/de\/wp-json\/wp\/v2\/users\/1"}],"replies":[{"embeddable":true,"href":"https:\/\/viveestetica.es\/de\/wp-json\/wp\/v2\/comments?post=4132"}],"version-history":[{"count":17,"href":"https:\/\/viveestetica.es\/de\/wp-json\/wp\/v2\/pages\/4132\/revisions"}],"predecessor-version":[{"id":6600,"href":"https:\/\/viveestetica.es\/de\/wp-json\/wp\/v2\/pages\/4132\/revisions\/6600"}],"wp:attachment":[{"href":"https:\/\/viveestetica.es\/de\/wp-json\/wp\/v2\/media?parent=4132"}],"curies":[{"name":"wp","href":"https:\/\/api.w.org\/{rel}","templated":true}]}}