{"id":4060,"date":"2022-05-14T15:10:41","date_gmt":"2022-05-14T13:10:41","guid":{"rendered":"https:\/\/viveestetica.es\/?page_id=4060"},"modified":"2026-01-15T13:08:54","modified_gmt":"2026-01-15T11:08:54","slug":"akne-und-narben","status":"publish","type":"page","link":"https:\/\/viveestetica.es\/de\/akne-und-narben","title":{"rendered":"Akne und Narben"},"content":{"rendered":"<p>[vc_row][vc_column]<div style=\"background-color:;height: 40px\" class=\"nicdark_section  \"><\/div> <h4 style=\"color:#a3a3a3;padding:px;text-align:center;font-size:17px;line-height:17px;letter-spacing: 3px;font-weight:lighter\" class=\"   nd_options_second_font \">BEHANDLUNG<\/h4> <div style=\"background-color:;height: 20px\" class=\"nicdark_section  \"><\/div> <h1 style=\"color:#a3a3a3;padding:px;text-align:center;font-size:35px;line-height:35px;letter-spacing: px;font-weight:bold\" class=\"   nd_options_first_font \">Akne und Narben<\/h1> <div style=\"background-color:;height: 95px\" class=\"nicdark_section  \"><\/div>[\/vc_column][\/vc_row][vc_row][vc_column width=&#8220;2\/3&#8243;] <h2 style=\"color:#727475;padding:px;text-align:;font-size:25px;line-height:25px;letter-spacing: px;font-weight:normal\" class=\"   nd_options_first_font \">F\u00fcr wen ist die Behandlung geeignet?<\/h2> <div style=\"background-color:;height: 20px\" class=\"nicdark_section  \"><\/div>[vc_column_text]<span style=\"font-weight: 400;\">Akne ist eine h\u00e4ufige Hautl\u00e4sion, die normalerweise im Jugendalter auftritt, Ver\u00e4nderungen in den Talgdr\u00fcsen treten auf, dies geschieht aufgrund einer erh\u00f6hten Produktion von Hormonen, die die Fettproduktion anregen und die Poren verstopfen, was zu Mitessern oder Pickeln f\u00fchrt. Es ist selten, dass dies ein ernstes Gesundheitsproblem bedeuten kann, aber es ist wahr, dass es das Image und das Selbstwertgef\u00fchl der Person negativ beeinflusst.<\/span><\/p>\n<p><span style=\"font-weight: 400;\">Das Auftreten von Akne kann auf mehrere Faktoren zur\u00fcckzuf\u00fchren sein: Hormonelle St\u00f6rungen, genetische Vererbung, \u00e4u\u00dfere Einfl\u00fcsse, h\u00e4ufige Reibung im Bereich, Hauterkrankungen, schlechte Ern\u00e4hrung, emotionale Faktoren.<\/span><\/p>\n<p><span style=\"font-weight: 400;\">Akne wird normalerweise von Narben und Hautunreinheiten begleitet.<\/span>[\/vc_column_text][\/vc_column][vc_column width=&#8220;1\/3&#8243;][vc_row_inner][vc_column_inner el_class=&#8220;nd_options_padding_20_first_div_important_responsive&#8220; css=&#8220;.vc_custom_1652257410387{border-top-width: 1px !important;border-right-width: 1px !important;border-bottom-width: 1px !important;border-left-width: 1px !important;padding-top: 40px !important;padding-right: 40px !important;padding-bottom: 40px !important;padding-left: 40px !important;border-left-color: #f1f1f1 !important;border-left-style: solid !important;border-right-color: #f1f1f1 !important;border-right-style: solid !important;border-top-color: #f1f1f1 !important;border-top-style: solid !important;border-bottom-color: #f1f1f1 !important;border-bottom-style: solid !important;}&#8220;] <h5 style=\"color:#e4bdef;padding:px;text-align:center;font-size:18px;line-height:15px;letter-spacing: 3px;font-weight:bold\" class=\"   nd_options_second_font \">PREIS<\/h5> <div style=\"background-color:;height: 10px\" class=\"nicdark_section  \"><\/div> <h2 style=\"color:;padding:px;text-align:center;font-size:20px;line-height:25px;letter-spacing: px;font-weight:normal\" class=\"    \">Akne und Narben<\/h2> <div style=\"background-color:;height: 40px\" class=\"nicdark_section  \"><\/div>\n    <div class=\" nd_options_list_component_l1 nd_options_section nd_options_position_relative  \">\n\n        \n        \n        <div class=\"nd_options_section nd_options_height_15\"><\/div>\n        <div class=\"nd_options_section nd_options_position_relative\">\n            <div class=\"nd_options_position_absolute nd_options_height_3 nd_options_width_100_percentage nd_options_bottom_2 nd_options_border_bottom_2_dotted_grey\"><\/div>\n            <h4 class=\"  nd_options_bg_white nd_options_float_left nd_options_position_relative nd_options_padding_right_10\"><strong>1 Sitzung<\/strong><\/h4>\n            <h4 class=\"nd_options_bg_white nd_options_float_right nd_options_position_relative nd_options_padding_left_10\"><strong>69\u20ac<\/strong><\/h4>\n        <\/div>\n        <div class=\"nd_options_section nd_options_height_10\"><\/div>\n        <div class=\"nd_options_section\">\n            <p class=\"  nd_options_font_weight_lighter nd_options_float_left\"><\/p>\n            <p style=\"background-color:\" class=\" nd_options_color_grey nd_options_border_1_solid_grey nd_options_display_inline_block nd_options_first_font nd_options_padding_5_10 nd_options_border_radius_15 nd_options_float_right nd_options_font_size_13\">Recomedado<\/p>\n        <\/div>\n    <\/div>\n  <div style=\"background-color:;height: 10px\" class=\"nicdark_section  \"><\/div>\n    <div class=\" nd_options_list_component_l1 nd_options_section nd_options_position_relative  \">\n\n        \n        \n        <div class=\"nd_options_section nd_options_height_15\"><\/div>\n        <div class=\"nd_options_section nd_options_position_relative\">\n            <div class=\"nd_options_position_absolute nd_options_height_3 nd_options_width_100_percentage nd_options_bottom_2 nd_options_border_bottom_2_dotted_grey\"><\/div>\n            <h4 class=\"  nd_options_bg_white nd_options_float_left nd_options_position_relative nd_options_padding_right_10\"><strong>5 sitzung<\/strong><\/h4>\n            <h4 class=\"nd_options_bg_white nd_options_float_right nd_options_position_relative nd_options_padding_left_10\"><strong>320\u20ac<\/strong><\/h4>\n        <\/div>\n        <div class=\"nd_options_section nd_options_height_10\"><\/div>\n        <div class=\"nd_options_section\">\n            <p class=\"  nd_options_font_weight_lighter nd_options_float_left\"><\/p>\n            <p style=\"background-color:#e4bdef\" class=\" nd_options_color_white nd_options_display_inline_block nd_options_first_font nd_options_padding_5_10 nd_options_border_radius_15 nd_options_float_right nd_options_font_size_13\">BONO<\/p>\n        <\/div>\n    <\/div>\n  <div style=\"background-color:;height: 10px\" class=\"nicdark_section  \"><\/div>[\/vc_column_inner][\/vc_row_inner][\/vc_column][\/vc_row][vc_row css=&#8220;.vc_custom_1485343525324{margin-top: 40px !important;}&#8220;][vc_column] <h2 style=\"color:#727475;padding:px;text-align:;font-size:25px;line-height:25px;letter-spacing: px;font-weight:normal\" class=\"   nd_options_first_font \">Woraus besteht es?<\/h2> <div style=\"background-color:;height: 20px\" class=\"nicdark_section  \"><\/div>[vc_column_text]<span style=\"font-weight: 400;\">Unsere Behandlung zielt darauf ab, die Haut von unerw\u00fcnschten Komedonen zu reinigen, abgestorbenes Gewebe zu entfernen und die Haut zu regenerieren. Je nach Zustand wenden wir unterschiedliche Techniken an.<\/span><\/p>\n<p><span style=\"font-weight: 400;\">Wir verwenden ein bioenzymatisches Peeling, Mikrodermabrasion mit Diamantspitze, Ultraschallpalette, virtuelle Mesotherapie, Phototherapie mit der Anwendung von Produkten mit Wirkstoffen zur kosmetischen Behandlung von Akne. Wir wechseln die Behandlung mit gepulstem Licht ab, um die Flecken der entz\u00fcndlichen L\u00e4sion und die Narben zu beseitigen. Immer unter Ber\u00fccksichtigung des Zustands der Haut, und wenn sich die Person in medizinischer Behandlung befindet, werden wir dies ber\u00fccksichtigen, um zu wissen, ob sie unsere parallel dazu durchf\u00fchren kann.<\/span><span style=\"font-weight: 400;\">.<\/span>[\/vc_column_text]<div style=\"background-color:;height: 40px\" class=\"nicdark_section  \"><\/div> <h2 style=\"color:#727475;padding:px;text-align:;font-size:25px;line-height:25px;letter-spacing: px;font-weight:normal\" class=\"   nd_options_first_font \">Welche Ergebnisse werden erzielt?<\/h2> <div style=\"background-color:;height: 20px\" class=\"nicdark_section  \"><\/div>[vc_column_text]<\/p>\n<ul>\n<li style=\"list-style-type: none;\">\n<ul>\n<li style=\"font-weight: 400;\" aria-level=\"1\"><span style=\"font-weight: 400;\">Hautqualit\u00e4t verbessern.<\/span><\/li>\n<li style=\"font-weight: 400;\" aria-level=\"1\"><span style=\"font-weight: 400;\">Kontrollieren Sie die Proliferation von Komedonen.<\/span><\/li>\n<li style=\"font-weight: 400;\" aria-level=\"1\"><span style=\"font-weight: 400;\">Verbessern Sie Hautunreinheiten und Narben.<\/span><\/li>\n<li style=\"font-weight: 400;\" aria-level=\"1\"><span style=\"font-weight: 400;\">Poren schlie\u00dfen<\/span><\/li>\n<\/ul>\n<\/li>\n<\/ul>\n<p>[\/vc_column_text]<div style=\"background-color:;height: 40px\" class=\"nicdark_section  \"><\/div> <h2 style=\"color:#727475;padding:px;text-align:;font-size:25px;line-height:25px;letter-spacing: px;font-weight:normal\" class=\"   nd_options_first_font \">Wie viele Sitzungen sollten durchgef\u00fchrt werden?<\/h2> <div style=\"background-color:;height: 20px\" class=\"nicdark_section  \"><\/div>[vc_column_text]<span style=\"font-weight: 400;\">Es wird empfohlen, 5 Wochen lang eine w\u00f6chentliche Sitzung durchzuf\u00fchren, je nach Zustand der Haut und ihrer Entwicklung sollten mehr Sitzungen durchgef\u00fchrt werden oder nicht. Nach Abschluss der Behandlung f\u00fchren wir eine Wartung durch.<\/span>[\/vc_column_text]<div style=\"background-color:;height: 20px\" class=\"nicdark_section  \"><\/div>[\/vc_column][\/vc_row][vc_row css=&#8220;.vc_custom_1485343471596{margin-top: 20px !important;}&#8220;][vc_column css_animation=&#8220;slideInLeft&#8220;]\n    <div style=\"text-align:center\" class=\"nd_options_section\">\n      <img decoding=\"async\" alt=\"\" style=\"width:80%\" class=\" nd_options_margin_0 nd_options_padding_0 \" src=\"https:\/\/viveestetica.es\/wp-content\/uploads\/2022\/05\/cabecera-medicina-estetica-acne-1024x371.png\">\n    <\/div>\n   [\/vc_column][\/vc_row][vc_row][vc_column]<div style=\"background-color:;height: 40px\" class=\"nicdark_section  \"><\/div>[\/vc_column][\/vc_row]<\/p>\n","protected":false},"excerpt":{"rendered":"<p>[vc_row][vc_column][\/vc_column][\/vc_row][vc_row][vc_column width=&#8220;2\/3&#8243;][vc_column_text]Akne ist eine h\u00e4ufige Hautl\u00e4sion, die normalerweise im Jugendalter auftritt, Ver\u00e4nderungen in den Talgdr\u00fcsen treten auf, dies geschieht aufgrund einer erh\u00f6hten Produktion von Hormonen, die die Fettproduktion anregen und die Poren verstopfen, was zu Mitessern oder Pickeln f\u00fchrt. Es ist selten, dass dies ein ernstes Gesundheitsproblem bedeuten kann, aber es ist wahr, dass es [&hellip;]<\/p>\n","protected":false},"author":1,"featured_media":0,"parent":0,"menu_order":0,"comment_status":"closed","ping_status":"closed","template":"","meta":{"footnotes":""},"class_list":["post-4060","page","type-page","status-publish","hentry"],"_links":{"self":[{"href":"https:\/\/viveestetica.es\/de\/wp-json\/wp\/v2\/pages\/4060"}],"collection":[{"href":"https:\/\/viveestetica.es\/de\/wp-json\/wp\/v2\/pages"}],"about":[{"href":"https:\/\/viveestetica.es\/de\/wp-json\/wp\/v2\/types\/page"}],"author":[{"embeddable":true,"href":"https:\/\/viveestetica.es\/de\/wp-json\/wp\/v2\/users\/1"}],"replies":[{"embeddable":true,"href":"https:\/\/viveestetica.es\/de\/wp-json\/wp\/v2\/comments?post=4060"}],"version-history":[{"count":23,"href":"https:\/\/viveestetica.es\/de\/wp-json\/wp\/v2\/pages\/4060\/revisions"}],"predecessor-version":[{"id":6599,"href":"https:\/\/viveestetica.es\/de\/wp-json\/wp\/v2\/pages\/4060\/revisions\/6599"}],"wp:attachment":[{"href":"https:\/\/viveestetica.es\/de\/wp-json\/wp\/v2\/media?parent=4060"}],"curies":[{"name":"wp","href":"https:\/\/api.w.org\/{rel}","templated":true}]}}