{"id":4052,"date":"2022-05-14T15:06:58","date_gmt":"2022-05-14T13:06:58","guid":{"rendered":"https:\/\/viveestetica.es\/?page_id=4052"},"modified":"2025-03-21T12:42:07","modified_gmt":"2025-03-21T10:42:07","slug":"augenkontur","status":"publish","type":"page","link":"https:\/\/viveestetica.es\/de\/augenkontur","title":{"rendered":"Augenkontur"},"content":{"rendered":"<p>[vc_row][vc_column]<div style=\"background-color:;height: 40px\" class=\"nicdark_section  \"><\/div> <h4 style=\"color:#a3a3a3;padding:px;text-align:center;font-size:17px;line-height:17px;letter-spacing: 3px;font-weight:lighter\" class=\"   nd_options_second_font \">TRATAMIENTO<\/h4> <div style=\"background-color:;height: 20px\" class=\"nicdark_section  \"><\/div> <h1 style=\"color:#a3a3a3;padding:px;text-align:center;font-size:35px;line-height:35px;letter-spacing: px;font-weight:bold\" class=\"   nd_options_first_font \">Augenkontur<\/h1> <div style=\"background-color:;height: 95px\" class=\"nicdark_section  \"><\/div>[\/vc_column][\/vc_row][vc_row][vc_column width=&#8220;2\/3&#8243;] <h2 style=\"color:#727475;padding:px;text-align:;font-size:25px;line-height:25px;letter-spacing: px;font-weight:normal\" class=\"   nd_options_first_font \">Auf wen richtet sich die Behandlung?<\/h2> <div style=\"background-color:;height: 20px\" class=\"nicdark_section  \"><\/div>[vc_column_text]<span style=\"font-weight: 400;\">Diese Behandlung richtet sich an Menschen mit m\u00fcden Augen, mit Austrocknung um die Augen herum, bei denen die Mimikfalten st\u00e4rker ausgepr\u00e4gt sind, die<\/span> <span style=\"font-weight: 400;\">Tr\u00e4nens\u00e4cke und Augenringe haben.<\/span>[\/vc_column_text][\/vc_column][vc_column width=&#8220;1\/3&#8243;][vc_row_inner][vc_column_inner el_class=&#8220;nd_options_padding_20_first_div_important_responsive&#8220; css=&#8220;.vc_custom_1485874450672{border-top-width: 1px !important;border-right-width: 1px !important;border-bottom-width: 1px !important;border-left-width: 1px !important;padding-top: 40px !important;padding-right: 40px !important;padding-bottom: 40px !important;padding-left: 40px !important;border-left-color: #f1f1f1 !important;border-left-style: solid !important;border-right-color: #f1f1f1 !important;border-right-style: solid !important;border-top-color: #f1f1f1 !important;border-top-style: solid !important;border-bottom-color: #f1f1f1 !important;border-bottom-style: solid !important;}&#8220;] <h5 style=\"color:#e4bdef;padding:px;text-align:center;font-size:18px;line-height:15px;letter-spacing: 3px;font-weight:bold\" class=\"   nd_options_second_font \">PREISE<\/h5> <div style=\"background-color:;height: 10px\" class=\"nicdark_section  \"><\/div> <h2 style=\"color:;padding:px;text-align:center;font-size:20px;line-height:25px;letter-spacing: px;font-weight:normal\" class=\"    \">Augenkontur<\/h2> <div style=\"background-color:;height: 40px\" class=\"nicdark_section  \"><\/div>\n    <div class=\" nd_options_list_component_l1 nd_options_section nd_options_position_relative  \">\n\n        \n        \n        <div class=\"nd_options_section nd_options_height_15\"><\/div>\n        <div class=\"nd_options_section nd_options_position_relative\">\n            <div class=\"nd_options_position_absolute nd_options_height_3 nd_options_width_100_percentage nd_options_bottom_2 nd_options_border_bottom_2_dotted_grey\"><\/div>\n            <h4 class=\"  nd_options_bg_white nd_options_float_left nd_options_position_relative nd_options_padding_right_10\"><strong>Microneedling Augenkontur<\/strong><\/h4>\n            <h4 class=\"nd_options_bg_white nd_options_float_right nd_options_position_relative nd_options_padding_left_10\"><strong>50\u20ac<\/strong><\/h4>\n        <\/div>\n        <div class=\"nd_options_section nd_options_height_10\"><\/div>\n        <div class=\"nd_options_section\">\n            <p class=\"  nd_options_font_weight_lighter nd_options_float_left\">Gutschein f\u00fcr 5 Sitzungen 230 \u20ac<\/p>\n            <p style=\"background-color:\" class=\" nd_options_color_grey nd_options_border_1_solid_grey nd_options_display_inline_block nd_options_first_font nd_options_padding_5_10 nd_options_border_radius_15 nd_options_float_right nd_options_font_size_13\"><\/p>\n        <\/div>\n    <\/div>\n  <div style=\"background-color:;height: 10px\" class=\"nicdark_section  \"><\/div>\n    <div class=\" nd_options_list_component_l1 nd_options_section nd_options_position_relative  \">\n\n        \n        \n        <div class=\"nd_options_section nd_options_height_15\"><\/div>\n        <div class=\"nd_options_section nd_options_position_relative\">\n            <div class=\"nd_options_position_absolute nd_options_height_3 nd_options_width_100_percentage nd_options_bottom_2 nd_options_border_bottom_2_dotted_grey\"><\/div>\n            <h4 class=\"  nd_options_bg_white nd_options_float_left nd_options_position_relative nd_options_padding_right_10\"><strong>INDIBA Augenkontur<\/strong><\/h4>\n            <h4 class=\"nd_options_bg_white nd_options_float_right nd_options_position_relative nd_options_padding_left_10\"><strong>45\u20ac<\/strong><\/h4>\n        <\/div>\n        <div class=\"nd_options_section nd_options_height_10\"><\/div>\n        <div class=\"nd_options_section\">\n            <p class=\"  nd_options_font_weight_lighter nd_options_float_left\">Gutschein f\u00fcr 5 Sitzungen 180 \u20ac<\/p>\n            <p style=\"background-color:\" class=\" nd_options_color_grey nd_options_border_1_solid_grey nd_options_display_inline_block nd_options_first_font nd_options_padding_5_10 nd_options_border_radius_15 nd_options_float_right nd_options_font_size_13\"><\/p>\n        <\/div>\n    <\/div>\n  <div style=\"background-color:;height: 10px\" class=\"nicdark_section  \"><\/div>[\/vc_column_inner][\/vc_row_inner][\/vc_column][\/vc_row][vc_row css=&#8220;.vc_custom_1485343525324{margin-top: 40px !important;}&#8220;][vc_column] <h2 style=\"color:#727475;padding:px;text-align:;font-size:25px;line-height:25px;letter-spacing: px;font-weight:normal\" class=\"   nd_options_first_font \">Woraus besteht die Behandlung?<\/h2> <div style=\"background-color:;height: 20px\" class=\"nicdark_section  \"><\/div>[vc_column_text]<\/p>\n<ul>\n<li><strong>Microneddling<\/strong>-Technik mit Nanonadeln, durch die wir Wirkstoffe wie Hyalurons\u00e4ure, Kollagen und Vitaminkomplex einarbeiten, ideal f\u00fcr eine tiefe Befeuchtung und Straffung der Haut. Anschlie\u00dfend tragen wir einige Konturpflaster auf und tragen zum Abschluss eine Augenkonturcreme auf. Intensive Feuchtigkeitsversorgung, die hilft, Mimikfalten zu reduzieren.<\/li>\n<li>Die auf medizinischen Studien basierende Hochfrequenztechnik von <strong>INDIBA<\/strong> beschrieb das Proionische System als das einzige System, das den Austausch intra- und extrazellul\u00e4rer Ionen stimuliert, die elektrische Aktivit\u00e4t der Zellen wiederherstellt und sie regeneriert. Der Temperaturanstieg l\u00f6st die Regeneration und Reparatur des Gewebes aus, was uns hilft, Falten und Schwellungen unter den Augen zu reduzieren.<\/li>\n<\/ul>\n<p>[\/vc_column_text]<div style=\"background-color:;height: 40px\" class=\"nicdark_section  \"><\/div> <h2 style=\"color:#727475;padding:px;text-align:;font-size:25px;line-height:25px;letter-spacing: px;font-weight:normal\" class=\"   nd_options_first_font \">Behandlungsvorteile<\/h2> <div style=\"background-color:;height: 20px\" class=\"nicdark_section  \"><\/div>[vc_column_text]<\/p>\n<ul>\n<li style=\"list-style-type: none;\">\n<ul>\n<li style=\"font-weight: 400;\" aria-level=\"1\"><span style=\"font-weight: 400;\">Lymphdrainage bei Beuteln.<\/span><\/li>\n<li style=\"font-weight: 400;\" aria-level=\"1\"><span style=\"font-weight: 400;\">Reduzierung von Tr\u00e4nens\u00e4cken und Augenringen.<\/span><\/li>\n<li style=\"font-weight: 400;\" aria-level=\"1\"><span style=\"font-weight: 400;\">Wir verbessern den Ausdruck m\u00fcder Augen.<\/span><\/li>\n<li style=\"font-weight: 400;\" aria-level=\"1\"><span style=\"font-weight: 400;\">Tiefe Hydratation.<\/span><\/li>\n<li style=\"font-weight: 400;\" aria-level=\"1\"><span style=\"font-weight: 400;\">Anti-Aging-Behandlung.<\/span><\/li>\n<li style=\"font-weight: 400;\" aria-level=\"1\"><span style=\"font-weight: 400;\">Abschwellende Behandlung.<\/span><\/li>\n<\/ul>\n<\/li>\n<\/ul>\n<p>[\/vc_column_text]<div style=\"background-color:;height: 40px\" class=\"nicdark_section  \"><\/div> <h2 style=\"color:#727475;padding:px;text-align:;font-size:25px;line-height:25px;letter-spacing: px;font-weight:normal\" class=\"   nd_options_first_font \">Wie viele Sitzungen sollten durchgef\u00fchrt werden?<\/h2> <div style=\"background-color:;height: 20px\" class=\"nicdark_section  \"><\/div>[vc_column_text]<span style=\"font-weight: 400;\">Es wird empfohlen, diese Behandlung einmal alle 10 Tage f\u00fcr 5 Sitzungen und dann eine monatliche Wartung durchzuf\u00fchren.<\/span>[\/vc_column_text]<div style=\"background-color:;height: 20px\" class=\"nicdark_section  \"><\/div>[\/vc_column][\/vc_row][vc_row css=&#8220;.vc_custom_1485343471596{margin-top: 20px !important;}&#8220;][vc_column css_animation=&#8220;slideInLeft&#8220; width=&#8220;1\/2&#8243;]\n    <div style=\"text-align:center\" class=\"nd_options_section\">\n      <img decoding=\"async\" alt=\"\" style=\"width:90%\" class=\" nd_options_margin_0 nd_options_padding_0 \" src=\"https:\/\/viveestetica.es\/wp-content\/uploads\/2022\/04\/contorno-de-ojos.jpg\">\n    <\/div>\n   [\/vc_column][vc_column css_animation=&#8220;slideInRight&#8220; width=&#8220;1\/2&#8243;]\n    <div style=\"text-align:center\" class=\"nd_options_section\">\n      <img decoding=\"async\" alt=\"\" style=\"width:80%\" class=\" nd_options_margin_0 nd_options_padding_0 \" src=\"https:\/\/viveestetica.es\/wp-content\/uploads\/2022\/04\/min22942.jpg\">\n    <\/div>\n   [\/vc_column][\/vc_row][vc_row][vc_column]<div style=\"background-color:;height: 40px\" class=\"nicdark_section  \"><\/div>[\/vc_column][\/vc_row]<\/p>\n","protected":false},"excerpt":{"rendered":"<p>[vc_row][vc_column][\/vc_column][\/vc_row][vc_row][vc_column width=&#8220;2\/3&#8243;][vc_column_text]Diese Behandlung richtet sich an Menschen mit m\u00fcden Augen, mit Austrocknung um die Augen herum, bei denen die Mimikfalten st\u00e4rker ausgepr\u00e4gt sind, die Tr\u00e4nens\u00e4cke und Augenringe haben.[\/vc_column_text][\/vc_column][vc_column width=&#8220;1\/3&#8243;][vc_row_inner][vc_column_inner el_class=&#8220;nd_options_padding_20_first_div_important_responsive&#8220; css=&#8220;.vc_custom_1485874450672{border-top-width: 1px !important;border-right-width: 1px !important;border-bottom-width: 1px !important;border-left-width: 1px !important;padding-top: 40px !important;padding-right: 40px !important;padding-bottom: 40px !important;padding-left: 40px !important;border-left-color: #f1f1f1 !important;border-left-style: solid !important;border-right-color: #f1f1f1 !important;border-right-style: solid !important;border-top-color: [&hellip;]<\/p>\n","protected":false},"author":1,"featured_media":0,"parent":0,"menu_order":0,"comment_status":"closed","ping_status":"closed","template":"","meta":{"footnotes":""},"class_list":["post-4052","page","type-page","status-publish","hentry"],"_links":{"self":[{"href":"https:\/\/viveestetica.es\/de\/wp-json\/wp\/v2\/pages\/4052"}],"collection":[{"href":"https:\/\/viveestetica.es\/de\/wp-json\/wp\/v2\/pages"}],"about":[{"href":"https:\/\/viveestetica.es\/de\/wp-json\/wp\/v2\/types\/page"}],"author":[{"embeddable":true,"href":"https:\/\/viveestetica.es\/de\/wp-json\/wp\/v2\/users\/1"}],"replies":[{"embeddable":true,"href":"https:\/\/viveestetica.es\/de\/wp-json\/wp\/v2\/comments?post=4052"}],"version-history":[{"count":6,"href":"https:\/\/viveestetica.es\/de\/wp-json\/wp\/v2\/pages\/4052\/revisions"}],"predecessor-version":[{"id":6493,"href":"https:\/\/viveestetica.es\/de\/wp-json\/wp\/v2\/pages\/4052\/revisions\/6493"}],"wp:attachment":[{"href":"https:\/\/viveestetica.es\/de\/wp-json\/wp\/v2\/media?parent=4052"}],"curies":[{"name":"wp","href":"https:\/\/api.w.org\/{rel}","templated":true}]}}