{"id":3933,"date":"2022-05-14T14:56:07","date_gmt":"2022-05-14T12:56:07","guid":{"rendered":"https:\/\/viveestetica.es\/?page_id=3933"},"modified":"2022-05-17T20:20:14","modified_gmt":"2022-05-17T18:20:14","slug":"anti-aging-verjuengung","status":"publish","type":"page","link":"https:\/\/viveestetica.es\/de\/anti-aging-verjuengung","title":{"rendered":"Anti-Aging-Verj\u00fcngung"},"content":{"rendered":"<p>[vc_row full_width=&#8220;stretch_row_content_no_spaces&#8220; css=&#8220;.vc_custom_1652532964958{background-image: url(https:\/\/viveestetica.es\/wp-content\/uploads\/2022\/04\/bdeacaaa4ce0a7d2a017b0d180019e805ab78e1dRo.jpg?id=1218) !important;background-position: center !important;background-repeat: no-repeat !important;background-size: cover !important;}&#8220; el_class=&#8220;nd_options_overflow_visible_important&#8220;][vc_column][vc_row_inner css=&#8220;.vc_custom_1486118361106{padding-top: 100px !important;padding-bottom: 100px !important;}&#8220; el_class=&#8220;nd_options_bg_greydark_alpha_gradient_3&#8243;][vc_column_inner width=&#8220;1\/3&#8243;][\/vc_column_inner][vc_column_inner width=&#8220;1\/3&#8243; css=&#8220;.vc_custom_1486118458781{padding: 20px !important;}&#8220;] <h1 style=\"color:#ffffff;padding:px;text-align:center;font-size:42px;line-height:50px;letter-spacing: px;font-weight:bold\" class=\"   nd_options_first_font \">Rejuvenecimiento antiage <\/h1> <div style=\"background-color:;height: 40px\" class=\"nicdark_section  \"><\/div>[\/vc_column_inner][vc_column_inner width=&#8220;1\/3&#8243;][\/vc_column_inner][\/vc_row_inner][\/vc_column][\/vc_row][vc_row css=&#8220;.vc_custom_1485790529267{margin-top: 50px !important;}&#8220;][vc_column css=&#8220;.vc_custom_1486118015473{padding-right: 0px !important;padding-left: 0px !important;}&#8220;]<!--START MASONRY--><div class=\"nd_options_section nd_options_masonry_content  \">\n\n\n\t    <div class=\" nd_options_width_25_percentage nd_options_float_left nd_options_padding_15 nd_options_box_sizing_border_box nd_options_masonry_item nd_options_width_100_percentage_responsive\">\n\t\t    <div class=\"nd_options_section nd_options_border_1_solid_grey nd_options_bg_white\">\n\n\t\t        <div class=\"nd_options_section nd_options_position_relative\">\n\t\t            \n\t\t            \n\n\n\t\t  \t<div class=\"nd_options_section nd_options_position_relative\">\n\t\t        <a href=\"https:\/\/viveestetica.es\/de\/phototherapie-led-licht\"><img decoding=\"async\" alt=\"\" class=\"nd_options_section\" src=\"https:\/\/viveestetica.es\/wp-content\/uploads\/2022\/04\/mascara-led.png\"><\/a>\n\t\t    <\/div>\n\n\t\t  \t\n\n\t\t        <\/div>\n\n\t\t        <div class=\"nd_options_section nd_options_padding_30 nd_options_box_sizing_border_box\">\n\t\t            <h5 class=\"nd_options_margin_0_important nd_options_padding_0 nd_options_second_font nd_options_color_greydark nd_options_font_size_12 nd_options_text_transform_uppercase nd_options_letter_spacing_3 nd_options_font_weight_lighter\">Verj\u00fcngung - Anti-Aging <\/h5>\n\n\t\t            <div class=\"nd_options_section nd_options_height_15\"><\/div>\n\t \t\t\t\t<div class=\"nd_options_section nd_options_line_height_0\"><span class=\"nd_options_display_inline_block nd_options_float_left nd_options_bg_greydark nd_options_width_30 nd_options_height_1\"><\/span><\/div>\n\t \t\t\t\t<div class=\"nd_options_section nd_options_height_15\"><\/div>\n\n\t\t            <h2 class=\"nd_options_margin_0_important nd_options_padding_0 \">Phototherapie-LED-Licht<\/h2>\n\t\t            <div class=\"nd_options_section nd_options_height_20\"><\/div>\n\t\t            <p class=\"nd_options_margin_0_important nd_options_padding_0\">Die Phototherapie ist angezeigt bei Anti-Ageing, Narbenbildung, Akne, Hautunreinheiten und Feuchtigkeitsbehandlungen.\nDank des angewandten Lichts wird das Erscheinungsbild der Falten gegl\u00e4ttet, die Textur der Haut wird verbessert und sie wird auch gestrafft. <b>Preis pro Sitzung 45\u20ac.<\/b>\n<\/p>\n\t\t            <div class=\"nd_options_section nd_options_height_20\"><\/div>\n\t\t            <a style=\"border: 2px solid #000;color:#000\" class=\"nd_options_display_inline_block nd_options_line_height_11 nd_options_text_align_center nd_options_box_sizing_border_box nd_options_font_size_11 nd_options_font_weight_bold nd_options_second_font nd_options_padding_15_30  \" href=\"https:\/\/viveestetica.es\/de\/phototherapie-led-licht\">WEITERLESEN<\/a>\n\n\t\t        <\/div>\n\n\t\t    <\/div>\n\t\t<\/div>\n\n\n\t  \n\n\n\t    <div class=\" nd_options_width_25_percentage nd_options_float_left nd_options_padding_15 nd_options_box_sizing_border_box nd_options_masonry_item nd_options_width_100_percentage_responsive\">\n\t\t    <div class=\"nd_options_section nd_options_border_1_solid_grey nd_options_bg_white\">\n\n\t\t        <div class=\"nd_options_section nd_options_position_relative\">\n\t\t            \n\t\t            \n\n\n\t\t  \t<div class=\"nd_options_section nd_options_position_relative\">\n\t\t        <a href=\"https:\/\/viveestetica.es\/de\/virtuelle-gesichtsmesotherapie\"><img decoding=\"async\" alt=\"\" class=\"nd_options_section\" src=\"https:\/\/viveestetica.es\/wp-content\/uploads\/2022\/04\/mesot-facial.png\"><\/a>\n\t\t    <\/div>\n\n\t\t  \t\n\n\t\t        <\/div>\n\n\t\t        <div class=\"nd_options_section nd_options_padding_30 nd_options_box_sizing_border_box\">\n\t\t            <h5 class=\"nd_options_margin_0_important nd_options_padding_0 nd_options_second_font nd_options_color_greydark nd_options_font_size_12 nd_options_text_transform_uppercase nd_options_letter_spacing_3 nd_options_font_weight_lighter\">Verj\u00fcngung - Anti-Aging <\/h5>\n\n\t\t            <div class=\"nd_options_section nd_options_height_15\"><\/div>\n\t \t\t\t\t<div class=\"nd_options_section nd_options_line_height_0\"><span class=\"nd_options_display_inline_block nd_options_float_left nd_options_bg_greydark nd_options_width_30 nd_options_height_1\"><\/span><\/div>\n\t \t\t\t\t<div class=\"nd_options_section nd_options_height_15\"><\/div>\n\n\t\t            <h2 class=\"nd_options_margin_0_important nd_options_padding_0 \">Virtuelle Gesichtsmesotherapie<\/h2>\n\t\t            <div class=\"nd_options_section nd_options_height_20\"><\/div>\n\t\t            <p class=\"nd_options_margin_0_important nd_options_padding_0\">Die virtuelle Gesichtsmesotherapie schafft es, durch Str\u00f6me mit geringer Intensit\u00e4t (Elektroporation) die gleichen Wirkstoffe zu integrieren, die zuvor injiziert wurden, wie Hyalurons\u00e4ure, Kollagen, DEMAE, Vitamine usw. Die Wirkung ist sichtbar schnell, f\u00fcllt Falten, reduziert Schwellungen und Augenringe und strafft die Haut. <b>Preis pro Sitzung \u20ac58<\/b><\/p>\n\t\t            <div class=\"nd_options_section nd_options_height_20\"><\/div>\n\t\t            <a style=\"border: 2px solid #000;color:#000\" class=\"nd_options_display_inline_block nd_options_line_height_11 nd_options_text_align_center nd_options_box_sizing_border_box nd_options_font_size_11 nd_options_font_weight_bold nd_options_second_font nd_options_padding_15_30  \" href=\"https:\/\/viveestetica.es\/de\/virtuelle-gesichtsmesotherapie\">WEITERLESEN<\/a>\n\n\t\t        <\/div>\n\n\t\t    <\/div>\n\t\t<\/div>\n\n\n\t  \n\n\n\t    <div class=\" nd_options_width_25_percentage nd_options_float_left nd_options_padding_15 nd_options_box_sizing_border_box nd_options_masonry_item nd_options_width_100_percentage_responsive\">\n\t\t    <div class=\"nd_options_section nd_options_border_1_solid_grey nd_options_bg_white\">\n\n\t\t        <div class=\"nd_options_section nd_options_position_relative\">\n\t\t            \n\t\t            \n\n\n\t\t  \t<div class=\"nd_options_section nd_options_position_relative\">\n\t\t        <a href=\"https:\/\/viveestetica.es\/de\/bbglow-porzellanhaut\"><img decoding=\"async\" alt=\"\" class=\"nd_options_section\" src=\"https:\/\/viveestetica.es\/wp-content\/uploads\/2022\/04\/bbglow.png\"><\/a>\n\t\t    <\/div>\n\n\t\t  \t\n\n\t\t        <\/div>\n\n\t\t        <div class=\"nd_options_section nd_options_padding_30 nd_options_box_sizing_border_box\">\n\t\t            <h5 class=\"nd_options_margin_0_important nd_options_padding_0 nd_options_second_font nd_options_color_greydark nd_options_font_size_12 nd_options_text_transform_uppercase nd_options_letter_spacing_3 nd_options_font_weight_lighter\">Verj\u00fcngung - Anti-Aging <\/h5>\n\n\t\t            <div class=\"nd_options_section nd_options_height_15\"><\/div>\n\t \t\t\t\t<div class=\"nd_options_section nd_options_line_height_0\"><span class=\"nd_options_display_inline_block nd_options_float_left nd_options_bg_greydark nd_options_width_30 nd_options_height_1\"><\/span><\/div>\n\t \t\t\t\t<div class=\"nd_options_section nd_options_height_15\"><\/div>\n\n\t\t            <h2 class=\"nd_options_margin_0_important nd_options_padding_0 \">Bbglow Porzellanhaut<\/h2>\n\t\t            <div class=\"nd_options_section nd_options_height_20\"><\/div>\n\t\t            <p class=\"nd_options_margin_0_important nd_options_padding_0\">Wir arbeiten mit Mikro- und Nanonadeln, die uns helfen, in Wirkstoffe einzudringen. Es ist schmerzlos und nicht-invasiv. Hinterl\u00e4sst keine R\u00f6tungen oder Reizungen. \nEs handelt sich um eine Anti-Ageing-Verj\u00fcngungsbehandlung, die fahle und unebene Haut sowie homogene Pigmentierung tiefgehend hydratisiert und ihr Glanz und Leuchtkraft verleiht.  <b>Preis pro Sitzung 65 \u20ac<\/b>\n<\/p>\n\t\t            <div class=\"nd_options_section nd_options_height_20\"><\/div>\n\t\t            <a style=\"border: 2px solid #000;color:#000\" class=\"nd_options_display_inline_block nd_options_line_height_11 nd_options_text_align_center nd_options_box_sizing_border_box nd_options_font_size_11 nd_options_font_weight_bold nd_options_second_font nd_options_padding_15_30  \" href=\"https:\/\/viveestetica.es\/de\/bbglow-porzellanhaut\">WEITERLESEN<\/a>\n\n\t\t        <\/div>\n\n\t\t    <\/div>\n\t\t<\/div>\n\n\n\t  \n\n\n\t    <div class=\" nd_options_width_25_percentage nd_options_float_left nd_options_padding_15 nd_options_box_sizing_border_box nd_options_masonry_item nd_options_width_100_percentage_responsive\">\n\t\t    <div class=\"nd_options_section nd_options_border_1_solid_grey nd_options_bg_white\">\n\n\t\t        <div class=\"nd_options_section nd_options_position_relative\">\n\t\t            \n\t\t            \n\n\n\t\t  \t<div class=\"nd_options_section nd_options_position_relative\">\n\t\t        <a href=\"https:\/\/viveestetica.es\/de\/microneedling\"><img decoding=\"async\" alt=\"\" class=\"nd_options_section\" src=\"https:\/\/viveestetica.es\/wp-content\/uploads\/2022\/04\/Microneedling.png\"><\/a>\n\t\t    <\/div>\n\n\t\t  \t\n\n\t\t        <\/div>\n\n\t\t        <div class=\"nd_options_section nd_options_padding_30 nd_options_box_sizing_border_box\">\n\t\t            <h5 class=\"nd_options_margin_0_important nd_options_padding_0 nd_options_second_font nd_options_color_greydark nd_options_font_size_12 nd_options_text_transform_uppercase nd_options_letter_spacing_3 nd_options_font_weight_lighter\">Verj\u00fcngung - Anti-Aging <\/h5>\n\n\t\t            <div class=\"nd_options_section nd_options_height_15\"><\/div>\n\t \t\t\t\t<div class=\"nd_options_section nd_options_line_height_0\"><span class=\"nd_options_display_inline_block nd_options_float_left nd_options_bg_greydark nd_options_width_30 nd_options_height_1\"><\/span><\/div>\n\t \t\t\t\t<div class=\"nd_options_section nd_options_height_15\"><\/div>\n\n\t\t            <h2 class=\"nd_options_margin_0_important nd_options_padding_0 \">Microneedling<\/h2>\n\t\t            <div class=\"nd_options_section nd_options_height_20\"><\/div>\n\t\t            <p class=\"nd_options_margin_0_important nd_options_padding_0\">Microneedling ist eine Behandlung, die sich auf die Korrektur und Vorbeugung von Hautalterung konzentriert, die Hautfunktionen aktiviert und f\u00fcr mehr Leuchtkraft, Elastizit\u00e4t und Feuchtigkeit sorgt. F\u00fcllt und korrigiert Falten, w\u00e4hrend der Gesichtsausdruck durch einen nat\u00fcrlichen Heilungsprozess respektiert wird. Unter seinen Vorteilen sticht seine Wirksamkeit als Anti-Aging-Behandlung hervor, die Falten verdichtet, Akne, Narben und dadurch verursachte Flecken verbessert. <b>Preis ab 65\u20ac.<\/b><\/p>\n\t\t            <div class=\"nd_options_section nd_options_height_20\"><\/div>\n\t\t            <a style=\"border: 2px solid #000;color:#000\" class=\"nd_options_display_inline_block nd_options_line_height_11 nd_options_text_align_center nd_options_box_sizing_border_box nd_options_font_size_11 nd_options_font_weight_bold nd_options_second_font nd_options_padding_15_30  \" href=\"https:\/\/viveestetica.es\/de\/microneedling\">WEITERLESEN<\/a>\n\n\t\t        <\/div>\n\n\t\t    <\/div>\n\t\t<\/div>\n\n\n\t  \n\n\n\t    <div class=\" nd_options_width_25_percentage nd_options_float_left nd_options_padding_15 nd_options_box_sizing_border_box nd_options_masonry_item nd_options_width_100_percentage_responsive\">\n\t\t    <div class=\"nd_options_section nd_options_border_1_solid_grey nd_options_bg_white\">\n\n\t\t        <div class=\"nd_options_section nd_options_position_relative\">\n\t\t            \n\t\t            \n\n\n\t\t  \t<div class=\"nd_options_section nd_options_position_relative\">\n\t\t        <a href=\"https:\/\/viveestetica.es\/de\/laser-photorejuvenation-ipl\"><img decoding=\"async\" alt=\"\" class=\"nd_options_section\" src=\"https:\/\/viveestetica.es\/wp-content\/uploads\/2022\/04\/facial-2.png\"><\/a>\n\t\t    <\/div>\n\n\t\t  \t\n\n\t\t        <\/div>\n\n\t\t        <div class=\"nd_options_section nd_options_padding_30 nd_options_box_sizing_border_box\">\n\t\t            <h5 class=\"nd_options_margin_0_important nd_options_padding_0 nd_options_second_font nd_options_color_greydark nd_options_font_size_12 nd_options_text_transform_uppercase nd_options_letter_spacing_3 nd_options_font_weight_lighter\">Verj\u00fcngung - Anti-Aging <\/h5>\n\n\t\t            <div class=\"nd_options_section nd_options_height_15\"><\/div>\n\t \t\t\t\t<div class=\"nd_options_section nd_options_line_height_0\"><span class=\"nd_options_display_inline_block nd_options_float_left nd_options_bg_greydark nd_options_width_30 nd_options_height_1\"><\/span><\/div>\n\t \t\t\t\t<div class=\"nd_options_section nd_options_height_15\"><\/div>\n\n\t\t            <h2 class=\"nd_options_margin_0_important nd_options_padding_0 \">Laser-Foto verj\u00fcngung &#8211; IPL<\/h2>\n\t\t            <div class=\"nd_options_section nd_options_height_20\"><\/div>\n\t\t            <p class=\"nd_options_margin_0_important nd_options_padding_0\">Photorejuvenation wird mit Intensivem gepulstem Licht durchgef\u00fchrt, es ist eine hochintensive Lichtquelle, die Lichtpunkte mit unterschiedlichen Wellenl\u00e4ngen emittiert, wodurch verschiedene Aspekte der Haut gleichzeitig bearbeitet werden k\u00f6nnen. Eine \u00e4u\u00dferst wirksame Verj\u00fcngungsbehandlung, die eine strahlende und erneuerte Haut erzielt. <b>Preis pro Sitzung 50 \u20ac<\/b><\/p>\n\t\t            <div class=\"nd_options_section nd_options_height_20\"><\/div>\n\t\t            <a style=\"border: 2px solid #000;color:#000\" class=\"nd_options_display_inline_block nd_options_line_height_11 nd_options_text_align_center nd_options_box_sizing_border_box nd_options_font_size_11 nd_options_font_weight_bold nd_options_second_font nd_options_padding_15_30  \" href=\"https:\/\/viveestetica.es\/de\/laser-photorejuvenation-ipl\">WEITERLESEN<\/a>\n\n\t\t        <\/div>\n\n\t\t    <\/div>\n\t\t<\/div>\n\n\n\t  \n\n\n\t    <div class=\" nd_options_width_25_percentage nd_options_float_left nd_options_padding_15 nd_options_box_sizing_border_box nd_options_masonry_item nd_options_width_100_percentage_responsive\">\n\t\t    <div class=\"nd_options_section nd_options_border_1_solid_grey nd_options_bg_white\">\n\n\t\t        <div class=\"nd_options_section nd_options_position_relative\">\n\t\t            \n\t\t            \n\n\n\t\t  \t<div class=\"nd_options_section nd_options_position_relative\">\n\t\t        <a href=\"https:\/\/viveestetica.es\/de\/indiba-gesichts-radiofrequenz\"><img decoding=\"async\" alt=\"\" class=\"nd_options_section\" src=\"https:\/\/viveestetica.es\/wp-content\/uploads\/2022\/04\/Tratamiento-facial1-1.png\"><\/a>\n\t\t    <\/div>\n\n\t\t  \t\n\n\t\t        <\/div>\n\n\t\t        <div class=\"nd_options_section nd_options_padding_30 nd_options_box_sizing_border_box\">\n\t\t            <h5 class=\"nd_options_margin_0_important nd_options_padding_0 nd_options_second_font nd_options_color_greydark nd_options_font_size_12 nd_options_text_transform_uppercase nd_options_letter_spacing_3 nd_options_font_weight_lighter\">Verj\u00fcngung - Anti-Aging <\/h5>\n\n\t\t            <div class=\"nd_options_section nd_options_height_15\"><\/div>\n\t \t\t\t\t<div class=\"nd_options_section nd_options_line_height_0\"><span class=\"nd_options_display_inline_block nd_options_float_left nd_options_bg_greydark nd_options_width_30 nd_options_height_1\"><\/span><\/div>\n\t \t\t\t\t<div class=\"nd_options_section nd_options_height_15\"><\/div>\n\n\t\t            <h2 class=\"nd_options_margin_0_important nd_options_padding_0 \">INDIBA Gesichts-Radiofrequenz<\/h2>\n\t\t            <div class=\"nd_options_section nd_options_height_20\"><\/div>\n\t\t            <p class=\"nd_options_margin_0_important nd_options_padding_0\">Die INDIBA-Radiofrequenzbehandlung im Gesicht ist eine der erfolgreichsten nicht-chirurgischen Behandlungen zur Gesichtsverj\u00fcngung und Hautstraffung.\n \nMit Radiofrequenz erreichen wir mehr Leuchtkraft, zus\u00e4tzliche Feuchtigkeit, das Verblassen kleiner F\u00e4ltchen und die Wiederherstellung der Ausstrahlung und Elastizit\u00e4t Ihrer Haut, um eine gesunde Haut mit einem sehr nat\u00fcrlichen Aussehen zu erreichen.  <b>Preis ab 45\u20ac.  <\/b>\n<\/p>\n\t\t            <div class=\"nd_options_section nd_options_height_20\"><\/div>\n\t\t            <a style=\"border: 2px solid #8ac6d0;color:#8ac6d0\" class=\"nd_options_display_inline_block nd_options_line_height_11 nd_options_text_align_center nd_options_box_sizing_border_box nd_options_font_size_11 nd_options_font_weight_bold nd_options_second_font nd_options_padding_15_30  \" href=\"https:\/\/viveestetica.es\/de\/indiba-gesichts-radiofrequenz\">WEITERLESEN<\/a>\n\n\t\t        <\/div>\n\n\t\t    <\/div>\n\t\t<\/div>\n\n\n\t  \n\n\n\t    <div class=\" nd_options_width_25_percentage nd_options_float_left nd_options_padding_15 nd_options_box_sizing_border_box nd_options_masonry_item nd_options_width_100_percentage_responsive\">\n\t\t    <div class=\"nd_options_section nd_options_border_1_solid_grey nd_options_bg_white\">\n\n\t\t        <div class=\"nd_options_section nd_options_position_relative\">\n\t\t            \n\t\t            \n\n\n\t\t  \t<div class=\"nd_options_section nd_options_position_relative\">\n\t\t        <a href=\"https:\/\/viveestetica.es\/de\/hifu-12-d-lifting\"><img decoding=\"async\" alt=\"\" class=\"nd_options_section\" src=\"https:\/\/viveestetica.es\/wp-content\/uploads\/2022\/04\/hifu-facial.png\"><\/a>\n\t\t    <\/div>\n\n\t\t  \t\n\n\t\t        <\/div>\n\n\t\t        <div class=\"nd_options_section nd_options_padding_30 nd_options_box_sizing_border_box\">\n\t\t            <h5 class=\"nd_options_margin_0_important nd_options_padding_0 nd_options_second_font nd_options_color_greydark nd_options_font_size_12 nd_options_text_transform_uppercase nd_options_letter_spacing_3 nd_options_font_weight_lighter\">Verj\u00fcngung - Anti-Aging <\/h5>\n\n\t\t            <div class=\"nd_options_section nd_options_height_15\"><\/div>\n\t \t\t\t\t<div class=\"nd_options_section nd_options_line_height_0\"><span class=\"nd_options_display_inline_block nd_options_float_left nd_options_bg_greydark nd_options_width_30 nd_options_height_1\"><\/span><\/div>\n\t \t\t\t\t<div class=\"nd_options_section nd_options_height_15\"><\/div>\n\n\t\t            <h2 class=\"nd_options_margin_0_important nd_options_padding_0 \">HIFU 12D Lifting<\/h2>\n\t\t            <div class=\"nd_options_section nd_options_height_20\"><\/div>\n\t\t            <p class=\"nd_options_margin_0_important nd_options_padding_0\">HIFU 12D ist kein Ersatz f\u00fcr ein chirurgisches Facelift, sondern eine alternative Option f\u00fcr diejenigen, die der Gesichtsalterung auf nicht-invasive Weise vorbeugen m\u00f6chten.\r\nOder korrigieren Sie die ersten Zeichen der Hautalterung, ohne pl\u00f6tzliche Ver\u00e4nderungen im Aussehen zu verursachen, wie hier\r\nSo verl\u00e4ngern Sie die Wirkung fr\u00fcherer Sch\u00f6nheitsoperationen.\r\n\r\nHIFU ist ein sicheres, wirksames und nicht-invasives Verfahren zur Straffung des \r\nGesicht, Hals, Augenbrauen, Kinn. <b>Komplette Gesichts- und Halsbehandlung, Preis 200 \u20ac.<\/b>\r\n<\/p>\n\t\t            <div class=\"nd_options_section nd_options_height_20\"><\/div>\n\t\t            <a style=\"border: 2px solid #000;color:#000\" class=\"nd_options_display_inline_block nd_options_line_height_11 nd_options_text_align_center nd_options_box_sizing_border_box nd_options_font_size_11 nd_options_font_weight_bold nd_options_second_font nd_options_padding_15_30  \" href=\"https:\/\/viveestetica.es\/de\/hifu-12-d-lifting\">WEITERLESEN<\/a>\n\n\t\t        <\/div>\n\n\t\t    <\/div>\n\t\t<\/div>\n\n\n\t  <\/div><!--CLOSE MASONRY-->[\/vc_column][\/vc_row]<\/p>\n","protected":false},"excerpt":{"rendered":"<p>[vc_row full_width=&#8220;stretch_row_content_no_spaces&#8220; css=&#8220;.vc_custom_1652532964958{background-image: url(https:\/\/viveestetica.es\/wp-content\/uploads\/2022\/04\/bdeacaaa4ce0a7d2a017b0d180019e805ab78e1dRo.jpg?id=1218) !important;background-position: center !important;background-repeat: no-repeat !important;background-size: cover !important;}&#8220; el_class=&#8220;nd_options_overflow_visible_important&#8220;][vc_column][vc_row_inner css=&#8220;.vc_custom_1486118361106{padding-top: 100px !important;padding-bottom: 100px !important;}&#8220; el_class=&#8220;nd_options_bg_greydark_alpha_gradient_3&#8243;][vc_column_inner width=&#8220;1\/3&#8243;][\/vc_column_inner][vc_column_inner width=&#8220;1\/3&#8243; css=&#8220;.vc_custom_1486118458781{padding: 20px !important;}&#8220;][\/vc_column_inner][vc_column_inner width=&#8220;1\/3&#8243;][\/vc_column_inner][\/vc_row_inner][\/vc_column][\/vc_row][vc_row css=&#8220;.vc_custom_1485790529267{margin-top: 50px !important;}&#8220;][vc_column css=&#8220;.vc_custom_1486118015473{padding-right: 0px !important;padding-left: 0px !important;}&#8220;][\/vc_column][\/vc_row]<\/p>\n","protected":false},"author":1,"featured_media":0,"parent":0,"menu_order":0,"comment_status":"closed","ping_status":"closed","template":"","meta":{"footnotes":""},"class_list":["post-3933","page","type-page","status-publish","hentry"],"_links":{"self":[{"href":"https:\/\/viveestetica.es\/de\/wp-json\/wp\/v2\/pages\/3933"}],"collection":[{"href":"https:\/\/viveestetica.es\/de\/wp-json\/wp\/v2\/pages"}],"about":[{"href":"https:\/\/viveestetica.es\/de\/wp-json\/wp\/v2\/types\/page"}],"author":[{"embeddable":true,"href":"https:\/\/viveestetica.es\/de\/wp-json\/wp\/v2\/users\/1"}],"replies":[{"embeddable":true,"href":"https:\/\/viveestetica.es\/de\/wp-json\/wp\/v2\/comments?post=3933"}],"version-history":[{"count":4,"href":"https:\/\/viveestetica.es\/de\/wp-json\/wp\/v2\/pages\/3933\/revisions"}],"predecessor-version":[{"id":4619,"href":"https:\/\/viveestetica.es\/de\/wp-json\/wp\/v2\/pages\/3933\/revisions\/4619"}],"wp:attachment":[{"href":"https:\/\/viveestetica.es\/de\/wp-json\/wp\/v2\/media?parent=3933"}],"curies":[{"name":"wp","href":"https:\/\/api.w.org\/{rel}","templated":true}]}}