{"id":3773,"date":"2022-05-13T15:05:08","date_gmt":"2022-05-13T13:05:08","guid":{"rendered":"https:\/\/viveestetica.es\/?page_id=3773"},"modified":"2026-01-15T13:03:39","modified_gmt":"2026-01-15T11:03:39","slug":"gruendliche-reinigung","status":"publish","type":"page","link":"https:\/\/viveestetica.es\/de\/gruendliche-reinigung","title":{"rendered":"Gr\u00fcndliche Reinigung"},"content":{"rendered":"<p>[vc_row][vc_column]<div style=\"background-color:;height: 40px\" class=\"nicdark_section  \"><\/div> <h4 style=\"color:#a3a3a3;padding:px;text-align:center;font-size:17px;line-height:17px;letter-spacing: 3px;font-weight:lighter\" class=\"   nd_options_second_font \">TRATAMIENTO<\/h4> <div style=\"background-color:;height: 20px\" class=\"nicdark_section  \"><\/div> <h1 style=\"color:#a3a3a3;padding:px;text-align:center;font-size:35px;line-height:35px;letter-spacing: px;font-weight:bold\" class=\"   nd_options_first_font \">Tiefenreinigung der Haut<\/h1> <div style=\"background-color:;height: 95px\" class=\"nicdark_section  \"><\/div>[\/vc_column][\/vc_row][vc_row][vc_column width=&#8220;2\/3&#8243;] <h2 style=\"color:#727475;padding:px;text-align:;font-size:25px;line-height:25px;letter-spacing: px;font-weight:normal\" class=\"   nd_options_first_font \">F\u00fcr wen ist Tiefenhygiene angezeigt?<\/h2> <div style=\"background-color:;height: 20px\" class=\"nicdark_section  \"><\/div>[vc_column_text]<span style=\"font-weight: 400;\">Gesichtshygiene oder Hautreinigung ist f\u00fcr alle Hauttypen angezeigt, es ist wichtig, zu jedem Jahreszeitenwechsel eine gr\u00fcndliche Hygiene durchzuf\u00fchren, entsprechend den Bed\u00fcrfnissen jeder Haut, auf diese Weise erhalten wir nicht nur ein gutes Aussehen der Haut, sondern auch verhindert das Auftreten von Pickeln und Narben, die durch Komedonen verursacht werden, und aktiviert die Mikrozirkulation der Haut. <\/span><\/p>\n<p><span style=\"font-weight: 400;\">Es ist eine Behandlung, die darauf abzielt, die Gesundheit und das Aussehen der Gesichtshaut zu verbessern. Es erm\u00f6glicht uns, Komedonen, Mitesser und Unreinheiten zu beseitigen, die sich Tag f\u00fcr Tag ansammeln und die Haut an Vitalit\u00e4t, Frische und Leuchtkraft verlieren lassen. <\/span>[\/vc_column_text][\/vc_column][vc_column width=&#8220;1\/3&#8243;][vc_row_inner][vc_column_inner el_class=&#8220;nd_options_padding_20_first_div_important_responsive&#8220; css=&#8220;.vc_custom_1485874450672{border-top-width: 1px !important;border-right-width: 1px !important;border-bottom-width: 1px !important;border-left-width: 1px !important;padding-top: 40px !important;padding-right: 40px !important;padding-bottom: 40px !important;padding-left: 40px !important;border-left-color: #f1f1f1 !important;border-left-style: solid !important;border-right-color: #f1f1f1 !important;border-right-style: solid !important;border-top-color: #f1f1f1 !important;border-top-style: solid !important;border-bottom-color: #f1f1f1 !important;border-bottom-style: solid !important;}&#8220;] <h5 style=\"color:#dfbbed;padding:px;text-align:center;font-size:18px;line-height:15px;letter-spacing: 3px;font-weight:bold\" class=\"   nd_options_second_font \">PREIS<\/h5> <div style=\"background-color:;height: 10px\" class=\"nicdark_section  \"><\/div> <h2 style=\"color:;padding:px;text-align:center;font-size:20px;line-height:25px;letter-spacing: px;font-weight:normal\" class=\"    \">Tiefenreinigung der Haut<\/h2> <div style=\"background-color:;height: 40px\" class=\"nicdark_section  \"><\/div>\n    <div class=\" nd_options_list_component_l1 nd_options_section nd_options_position_relative  \">\n\n        \n        \n        <div class=\"nd_options_section nd_options_height_15\"><\/div>\n        <div class=\"nd_options_section nd_options_position_relative\">\n            <div class=\"nd_options_position_absolute nd_options_height_3 nd_options_width_100_percentage nd_options_bottom_2 nd_options_border_bottom_2_dotted_grey\"><\/div>\n            <h4 class=\"  nd_options_bg_white nd_options_float_left nd_options_position_relative nd_options_padding_right_10\"><strong>1 Sitzung<\/strong><\/h4>\n            <h4 class=\"nd_options_bg_white nd_options_float_right nd_options_position_relative nd_options_padding_left_10\"><strong>48\u20ac<\/strong><\/h4>\n        <\/div>\n        <div class=\"nd_options_section nd_options_height_10\"><\/div>\n        <div class=\"nd_options_section\">\n            <p class=\"  nd_options_font_weight_lighter nd_options_float_left\"><\/p>\n            <p style=\"background-color:#dab6ea\" class=\" nd_options_color_white nd_options_display_inline_block nd_options_first_font nd_options_padding_5_10 nd_options_border_radius_15 nd_options_float_right nd_options_font_size_13\">BEST<\/p>\n        <\/div>\n    <\/div>\n  [\/vc_column_inner][\/vc_row_inner][\/vc_column][\/vc_row][vc_row css=&#8220;.vc_custom_1485343525324{margin-top: 40px !important;}&#8220;][vc_column] <h2 style=\"color:#727475;padding:px;text-align:;font-size:25px;line-height:25px;letter-spacing: px;font-weight:normal\" class=\"   nd_options_first_font \">Was ist eine Tiefenreinigung?<\/h2> <div style=\"background-color:;height: 20px\" class=\"nicdark_section  \"><\/div>[vc_column_text]<span style=\"font-weight: 400;\">Es ist eine Behandlung, bei der wir je nach Hauttyp die Technik der Mikrodermabrasion mit einer Diamantspitze und einer Ultraschallpalette anwenden und bei Bedarf eine manuelle Extraktion durchf\u00fchren.<\/span>[\/vc_column_text]<div style=\"background-color:;height: 40px\" class=\"nicdark_section  \"><\/div> <h2 style=\"color:#727475;padding:px;text-align:;font-size:25px;line-height:25px;letter-spacing: px;font-weight:normal\" class=\"   nd_options_first_font \">Welche Ergebnisse werden erzielt?<\/h2> <div style=\"background-color:;height: 20px\" class=\"nicdark_section  \"><\/div>[vc_column_text]<\/p>\n<ul>\n<li style=\"list-style-type: none;\">\n<ul>\n<li style=\"font-weight: 400;\" aria-level=\"1\">Abgestorbenes Hautgewebe entfernen<\/li>\n<li aria-level=\"1\">Versorge die Haut mit Sauerstoff<\/li>\n<li aria-level=\"1\">Mitesser und Komedonen entfernen<\/li>\n<li aria-level=\"1\">Ton verbessern<\/li>\n<li aria-level=\"1\">Stimulieren Sie die Zellerneuerung und verleihen Sie ihr Leuchtkraft und Feuchtigkeit<\/li>\n<li aria-level=\"1\">H\u00f6here Aufnahmef\u00e4higkeit von Cremes und feuchtigkeitsspendenden und pflegenden Produkten<\/li>\n<li aria-level=\"1\">Verbessern Sie das Erscheinungsbild eines m\u00fcden Gesichts und von Mimikfalten<\/li>\n<li aria-level=\"1\">N\u00e4hren und hydratisieren Sie die Haut und stellen Sie die Weichheit und Leuchtkraft eines jungen Gesichts wieder her.<\/li>\n<\/ul>\n<\/li>\n<\/ul>\n<p>[\/vc_column_text]<div style=\"background-color:;height: 40px\" class=\"nicdark_section  \"><\/div> <h2 style=\"color:#727475;padding:px;text-align:;font-size:25px;line-height:25px;letter-spacing: px;font-weight:normal\" class=\"   nd_options_first_font \">Wie viele Sitzungen sollten durchgef\u00fchrt werden?<\/h2> <div style=\"background-color:;height: 20px\" class=\"nicdark_section  \"><\/div>[vc_column_text]<span style=\"font-weight: 400;\">Es wird empfohlen, je nach Bedarf jeden Monat oder alle zwei Monate eine durchzuf\u00fchren.<\/span>[\/vc_column_text]<div style=\"background-color:;height: 20px\" class=\"nicdark_section  \"><\/div>[\/vc_column][\/vc_row][vc_row css=&#8220;.vc_custom_1485343471596{margin-top: 20px !important;}&#8220;][vc_column css_animation=&#8220;slideInLeft&#8220;]\n    <div style=\"text-align:center\" class=\"nd_options_section\">\n      <img decoding=\"async\" alt=\"\" style=\"width:60%\" class=\" nd_options_margin_0 nd_options_padding_0 \" src=\"https:\/\/viveestetica.es\/wp-content\/uploads\/2022\/05\/limpieza-1024x564.jpg\">\n    <\/div>\n   [\/vc_column][\/vc_row][vc_row][vc_column]<div style=\"background-color:;height: 80px\" class=\"nicdark_section  \"><\/div>[\/vc_column][\/vc_row]<\/p>\n","protected":false},"excerpt":{"rendered":"<p>[vc_row][vc_column][\/vc_column][\/vc_row][vc_row][vc_column width=&#8220;2\/3&#8243;][vc_column_text]Gesichtshygiene oder Hautreinigung ist f\u00fcr alle Hauttypen angezeigt, es ist wichtig, zu jedem Jahreszeitenwechsel eine gr\u00fcndliche Hygiene durchzuf\u00fchren, entsprechend den Bed\u00fcrfnissen jeder Haut, auf diese Weise erhalten wir nicht nur ein gutes Aussehen der Haut, sondern auch verhindert das Auftreten von Pickeln und Narben, die durch Komedonen verursacht werden, und aktiviert die Mikrozirkulation der [&hellip;]<\/p>\n","protected":false},"author":1,"featured_media":0,"parent":0,"menu_order":0,"comment_status":"closed","ping_status":"closed","template":"","meta":{"footnotes":""},"class_list":["post-3773","page","type-page","status-publish","hentry"],"_links":{"self":[{"href":"https:\/\/viveestetica.es\/de\/wp-json\/wp\/v2\/pages\/3773"}],"collection":[{"href":"https:\/\/viveestetica.es\/de\/wp-json\/wp\/v2\/pages"}],"about":[{"href":"https:\/\/viveestetica.es\/de\/wp-json\/wp\/v2\/types\/page"}],"author":[{"embeddable":true,"href":"https:\/\/viveestetica.es\/de\/wp-json\/wp\/v2\/users\/1"}],"replies":[{"embeddable":true,"href":"https:\/\/viveestetica.es\/de\/wp-json\/wp\/v2\/comments?post=3773"}],"version-history":[{"count":23,"href":"https:\/\/viveestetica.es\/de\/wp-json\/wp\/v2\/pages\/3773\/revisions"}],"predecessor-version":[{"id":6591,"href":"https:\/\/viveestetica.es\/de\/wp-json\/wp\/v2\/pages\/3773\/revisions\/6591"}],"wp:attachment":[{"href":"https:\/\/viveestetica.es\/de\/wp-json\/wp\/v2\/media?parent=3773"}],"curies":[{"name":"wp","href":"https:\/\/api.w.org\/{rel}","templated":true}]}}