{"id":3642,"date":"2022-05-12T10:27:30","date_gmt":"2022-05-12T08:27:30","guid":{"rendered":"https:\/\/viveestetica.es\/?page_id=3642"},"modified":"2022-05-18T19:03:57","modified_gmt":"2022-05-18T17:03:57","slug":"fluessigkeitsretention-und-zirkulation","status":"publish","type":"page","link":"https:\/\/viveestetica.es\/de\/fluessigkeitsretention-und-zirkulation","title":{"rendered":"Fl\u00fcssigkeitsretention und Zirkulation"},"content":{"rendered":"<p>[vc_row full_width=&#8220;stretch_row_content_no_spaces&#8220; css=&#8220;.vc_custom_1652347222538{background-image: url(https:\/\/viveestetica.es\/wp-content\/uploads\/2022\/05\/fondo-7.png?id=3711) !important;background-position: center !important;background-repeat: no-repeat !important;background-size: cover !important;}&#8220; el_class=&#8220;nd_options_overflow_visible_important&#8220;][vc_column][vc_row_inner css=&#8220;.vc_custom_1486118361106{padding-top: 100px !important;padding-bottom: 100px !important;}&#8220; el_class=&#8220;nd_options_bg_greydark_alpha_gradient_3&#8243;][vc_column_inner width=&#8220;1\/3&#8243;][\/vc_column_inner][vc_column_inner width=&#8220;1\/3&#8243; css=&#8220;.vc_custom_1486118458781{padding: 20px !important;}&#8220;] <h1 style=\"color:#ffffff;padding:px;text-align:center;font-size:42px;line-height:55px;letter-spacing: px;font-weight:bold\" class=\"   nd_options_first_font \">Retenci\u00f3n de l\u00edquidos y circulaci\u00f3n<\/h1> <div style=\"background-color:;height: 40px\" class=\"nicdark_section  \"><\/div>[\/vc_column_inner][vc_column_inner width=&#8220;1\/3&#8243;][\/vc_column_inner][\/vc_row_inner][\/vc_column][\/vc_row][vc_row css=&#8220;.vc_custom_1485790529267{margin-top: 50px !important;}&#8220;][vc_column css=&#8220;.vc_custom_1486118015473{padding-right: 0px !important;padding-left: 0px !important;}&#8220;]<!--START MASONRY--><div class=\"nd_options_section nd_options_masonry_content  \">\n\n\n\t    <div class=\" nd_options_width_33_percentage nd_options_float_left nd_options_padding_15 nd_options_box_sizing_border_box nd_options_masonry_item nd_options_width_100_percentage_responsive\">\n\t\t    <div class=\"nd_options_section nd_options_border_1_solid_grey nd_options_bg_white\">\n\n\t\t        <div class=\"nd_options_section nd_options_position_relative\">\n\t\t            \n\t\t            \n\n\n\t\t  \t<div class=\"nd_options_section nd_options_position_relative\">\n\t\t        <a href=\"https:\/\/viveestetica.es\/de\/indiba-koerper-radiofrequenz\"><img decoding=\"async\" alt=\"\" class=\"nd_options_section\" src=\"https:\/\/viveestetica.es\/wp-content\/uploads\/2022\/05\/indiba-corporal0.png\"><\/a>\n\t\t    <\/div>\n\n\t\t  \t\n\n\t\t        <\/div>\n\n\t\t        <div class=\"nd_options_section nd_options_padding_30 nd_options_box_sizing_border_box\">\n\t\t            <h5 class=\"nd_options_margin_0_important nd_options_padding_0 nd_options_second_font nd_options_color_greydark nd_options_font_size_12 nd_options_text_transform_uppercase nd_options_letter_spacing_3 nd_options_font_weight_lighter\">Volumenreduzierer <\/h5>\n\n\t\t            <div class=\"nd_options_section nd_options_height_15\"><\/div>\n\t \t\t\t\t<div class=\"nd_options_section nd_options_line_height_0\"><span class=\"nd_options_display_inline_block nd_options_float_left nd_options_bg_greydark nd_options_width_30 nd_options_height_1\"><\/span><\/div>\n\t \t\t\t\t<div class=\"nd_options_section nd_options_height_15\"><\/div>\n\n\t\t            <h2 class=\"nd_options_margin_0_important nd_options_padding_0 \">INDIBA-K\u00f6rper-Radiofrequenz<\/h2>\n\t\t            <div class=\"nd_options_section nd_options_height_20\"><\/div>\n\t\t            <p class=\"nd_options_margin_0_important nd_options_padding_0\">Reduzieren Sie das Volumen, bekr\u00e4ftigen, straffen und beseitigen Sie Cellulite mit INDIBA.\r\nDie INDIBA-Technologie ist die leistungsst\u00e4rkste Radiofrequenz auf dem Markt mit den besten Ergebnissen und bietet unter anderem folgende Vorteile:\r\n\r\nK\u00f6rperumbau.\r\nCellulite-Entfernung.\r\nLokalisierte Fettreduktion.\r\nVerbessern Sie die Entw\u00e4sserung und Beseitigung von Toxinen.\r\nVerbessern Sie die Schlaffheit und regenerieren Sie das Gewebe.\r\n<b>Preis pro Sitzung ab 65 \u20ac<\/b><\/p>\n\t\t            <div class=\"nd_options_section nd_options_height_20\"><\/div>\n\t\t            <a style=\"border: 2px solid #ecbabe;color:#ecbabe\" class=\"nd_options_display_inline_block nd_options_line_height_11 nd_options_text_align_center nd_options_box_sizing_border_box nd_options_font_size_11 nd_options_font_weight_bold nd_options_second_font nd_options_padding_15_30  \" href=\"https:\/\/viveestetica.es\/de\/indiba-koerper-radiofrequenz\">WEITERLESEN<\/a>\n\n\t\t        <\/div>\n\n\t\t    <\/div>\n\t\t<\/div>\n\n\n\t  \n\n\n\t    <div class=\" nd_options_width_33_percentage nd_options_float_left nd_options_padding_15 nd_options_box_sizing_border_box nd_options_masonry_item nd_options_width_100_percentage_responsive\">\n\t\t    <div class=\"nd_options_section nd_options_border_1_solid_grey nd_options_bg_white\">\n\n\t\t        <div class=\"nd_options_section nd_options_position_relative\">\n\t\t            \n\t\t            \n\n\n\t\t  \t<div class=\"nd_options_section nd_options_position_relative\">\n\t\t        <a href=\"https:\/\/viveestetica.es\/de\/pressotherapie\"><img decoding=\"async\" alt=\"\" class=\"nd_options_section\" src=\"https:\/\/viveestetica.es\/wp-content\/uploads\/2022\/05\/presot.png\"><\/a>\n\t\t    <\/div>\n\n\t\t  \t\n\n\t\t        <\/div>\n\n\t\t        <div class=\"nd_options_section nd_options_padding_30 nd_options_box_sizing_border_box\">\n\t\t            <h5 class=\"nd_options_margin_0_important nd_options_padding_0 nd_options_second_font nd_options_color_greydark nd_options_font_size_12 nd_options_text_transform_uppercase nd_options_letter_spacing_3 nd_options_font_weight_lighter\">Fl\u00fcssigkeitsretention und Zirkulation <\/h5>\n\n\t\t            <div class=\"nd_options_section nd_options_height_15\"><\/div>\n\t \t\t\t\t<div class=\"nd_options_section nd_options_line_height_0\"><span class=\"nd_options_display_inline_block nd_options_float_left nd_options_bg_greydark nd_options_width_30 nd_options_height_1\"><\/span><\/div>\n\t \t\t\t\t<div class=\"nd_options_section nd_options_height_15\"><\/div>\n\n\t\t            <h2 class=\"nd_options_margin_0_important nd_options_padding_0 \">Pressotherapie<\/h2>\n\t\t            <div class=\"nd_options_section nd_options_height_20\"><\/div>\n\t\t            <p class=\"nd_options_margin_0_important nd_options_padding_0\">Die Pressotherapie ist eine Behandlungstechnik, die darin besteht, Druck auf bestimmte Gewebe auszu\u00fcben, was eine \u00e4hnliche Wirkung wie eine Massage hervorruft, und diese Massage ist n\u00fctzlich, um die Lymphdrainage und den ven\u00f6sen Kreislauf zu verbessern. Diese Technik wird zur Behandlung von Fl\u00fcssigkeitsretentionsproblemen, Kreislaufproblemen, m\u00fcden Beinen, zur Reduzierung von Cellulite eingesetzt und tr\u00e4gt dazu bei, dass Giftstoffe in den Blutkreislauf aufgenommen werden und Fl\u00fcssigkeiten und Fette durch unsere Lymphdrainage ausgeschieden werden k\u00f6nnen.\r\n<b>Preis pro Sitzung 25 \u20ac<\/b><\/p>\n\t\t            <div class=\"nd_options_section nd_options_height_20\"><\/div>\n\t\t            <a style=\"border: 2px solid #ecbabe;color:#ecbabe\" class=\"nd_options_display_inline_block nd_options_line_height_11 nd_options_text_align_center nd_options_box_sizing_border_box nd_options_font_size_11 nd_options_font_weight_bold nd_options_second_font nd_options_padding_15_30  \" href=\"https:\/\/viveestetica.es\/de\/pressotherapie\">WEITERLESEN<\/a>\n\n\t\t        <\/div>\n\n\t\t    <\/div>\n\t\t<\/div>\n\n\n\t  \n\n\n\t    <div class=\" nd_options_width_33_percentage nd_options_float_left nd_options_padding_15 nd_options_box_sizing_border_box nd_options_masonry_item nd_options_width_100_percentage_responsive\">\n\t\t    <div class=\"nd_options_section nd_options_border_1_solid_grey nd_options_bg_white\">\n\n\t\t        <div class=\"nd_options_section nd_options_position_relative\">\n\t\t            \n\t\t            \n\n\n\t\t  \t<div class=\"nd_options_section nd_options_position_relative\">\n\t\t        <a href=\"https:\/\/viveestetica.es\/de\/kalte-bandagen\"><img decoding=\"async\" alt=\"\" class=\"nd_options_section\" src=\"https:\/\/viveestetica.es\/wp-content\/uploads\/2022\/05\/vendas-frias.png\"><\/a>\n\t\t    <\/div>\n\n\t\t  \t\n\n\t\t        <\/div>\n\n\t\t        <div class=\"nd_options_section nd_options_padding_30 nd_options_box_sizing_border_box\">\n\t\t            <h5 class=\"nd_options_margin_0_important nd_options_padding_0 nd_options_second_font nd_options_color_greydark nd_options_font_size_12 nd_options_text_transform_uppercase nd_options_letter_spacing_3 nd_options_font_weight_lighter\">Straffung \u2013 Schlaffheit <\/h5>\n\n\t\t            <div class=\"nd_options_section nd_options_height_15\"><\/div>\n\t \t\t\t\t<div class=\"nd_options_section nd_options_line_height_0\"><span class=\"nd_options_display_inline_block nd_options_float_left nd_options_bg_greydark nd_options_width_30 nd_options_height_1\"><\/span><\/div>\n\t \t\t\t\t<div class=\"nd_options_section nd_options_height_15\"><\/div>\n\n\t\t            <h2 class=\"nd_options_margin_0_important nd_options_padding_0 \">Kalte Bandagen<\/h2>\n\t\t            <div class=\"nd_options_section nd_options_height_20\"><\/div>\n\t\t            <p class=\"nd_options_margin_0_important nd_options_padding_0\">Es ist eine straffende und entlastende Beinbehandlung, die Kryotherapie verwendet, ein \u00e4u\u00dferst erfrischendes Menthol-Gel, das ein lokales K\u00e4ltegef\u00fchl erzeugt und m\u00fcde Beine entstaut, den ganzen Tag \u00fcber geschwollene Kn\u00f6chel beruhigt, die Haut strafft und unter anderem Cellulite reduziert.\r\n<b>Preis pro Sitzung 45 \u20ac<\/b><\/p>\n\t\t            <div class=\"nd_options_section nd_options_height_20\"><\/div>\n\t\t            <a style=\"border: 2px solid #ecbabe;color:#ecbabe\" class=\"nd_options_display_inline_block nd_options_line_height_11 nd_options_text_align_center nd_options_box_sizing_border_box nd_options_font_size_11 nd_options_font_weight_bold nd_options_second_font nd_options_padding_15_30  \" href=\"https:\/\/viveestetica.es\/de\/kalte-bandagen\">WEITERLESEN<\/a>\n\n\t\t        <\/div>\n\n\t\t    <\/div>\n\t\t<\/div>\n\n\n\t  <\/div><!--CLOSE MASONRY-->[\/vc_column][\/vc_row]<\/p>\n","protected":false},"excerpt":{"rendered":"<p>[vc_row full_width=&#8220;stretch_row_content_no_spaces&#8220; css=&#8220;.vc_custom_1652347222538{background-image: url(https:\/\/viveestetica.es\/wp-content\/uploads\/2022\/05\/fondo-7.png?id=3711) !important;background-position: center !important;background-repeat: no-repeat !important;background-size: cover !important;}&#8220; el_class=&#8220;nd_options_overflow_visible_important&#8220;][vc_column][vc_row_inner css=&#8220;.vc_custom_1486118361106{padding-top: 100px !important;padding-bottom: 100px !important;}&#8220; el_class=&#8220;nd_options_bg_greydark_alpha_gradient_3&#8243;][vc_column_inner width=&#8220;1\/3&#8243;][\/vc_column_inner][vc_column_inner width=&#8220;1\/3&#8243; css=&#8220;.vc_custom_1486118458781{padding: 20px !important;}&#8220;][\/vc_column_inner][vc_column_inner width=&#8220;1\/3&#8243;][\/vc_column_inner][\/vc_row_inner][\/vc_column][\/vc_row][vc_row css=&#8220;.vc_custom_1485790529267{margin-top: 50px !important;}&#8220;][vc_column css=&#8220;.vc_custom_1486118015473{padding-right: 0px !important;padding-left: 0px !important;}&#8220;][\/vc_column][\/vc_row]<\/p>\n","protected":false},"author":1,"featured_media":0,"parent":0,"menu_order":0,"comment_status":"closed","ping_status":"closed","template":"","meta":{"footnotes":""},"class_list":["post-3642","page","type-page","status-publish","hentry"],"_links":{"self":[{"href":"https:\/\/viveestetica.es\/de\/wp-json\/wp\/v2\/pages\/3642"}],"collection":[{"href":"https:\/\/viveestetica.es\/de\/wp-json\/wp\/v2\/pages"}],"about":[{"href":"https:\/\/viveestetica.es\/de\/wp-json\/wp\/v2\/types\/page"}],"author":[{"embeddable":true,"href":"https:\/\/viveestetica.es\/de\/wp-json\/wp\/v2\/users\/1"}],"replies":[{"embeddable":true,"href":"https:\/\/viveestetica.es\/de\/wp-json\/wp\/v2\/comments?post=3642"}],"version-history":[{"count":4,"href":"https:\/\/viveestetica.es\/de\/wp-json\/wp\/v2\/pages\/3642\/revisions"}],"predecessor-version":[{"id":5332,"href":"https:\/\/viveestetica.es\/de\/wp-json\/wp\/v2\/pages\/3642\/revisions\/5332"}],"wp:attachment":[{"href":"https:\/\/viveestetica.es\/de\/wp-json\/wp\/v2\/media?parent=3642"}],"curies":[{"name":"wp","href":"https:\/\/api.w.org\/{rel}","templated":true}]}}