{"id":3609,"date":"2022-05-12T10:21:59","date_gmt":"2022-05-12T08:21:59","guid":{"rendered":"https:\/\/viveestetica.es\/?page_id=3609"},"modified":"2024-08-14T12:03:50","modified_gmt":"2024-08-14T10:03:50","slug":"verbrenne-fett-und-muskeln","status":"publish","type":"page","link":"https:\/\/viveestetica.es\/de\/verbrenne-fett-und-muskeln","title":{"rendered":"Verbrenne Fett und Muskeln"},"content":{"rendered":"<p>[vc_row][vc_column]<div style=\"background-color:;height: 40px\" class=\"nicdark_section  \"><\/div> <h4 style=\"color:#a3a3a3;padding:px;text-align:center;font-size:17px;line-height:17px;letter-spacing: 3px;font-weight:lighter\" class=\"   nd_options_second_font \">SCULTOR<\/h4> <div style=\"background-color:;height: 20px\" class=\"nicdark_section  \"><\/div> <h1 style=\"color:#a3a3a3;padding:px;text-align:center;font-size:35px;line-height:35px;letter-spacing: px;font-weight:bold\" class=\"   nd_options_first_font \">Elektromagnetische Wellen<\/h1> <div style=\"background-color:;height: 65px\" class=\"nicdark_section  \"><\/div>[\/vc_column][\/vc_row][vc_row css=&#8220;.vc_custom_1485860712352{margin-top: 40px !important;}&#8220;][vc_column width=&#8220;2\/3&#8243;]<div style=\"background-color:;height: 20px\" class=\"nicdark_section  \"><\/div> <h2 style=\"color:#727475;padding:px;text-align:;font-size:25px;line-height:25px;letter-spacing: px;font-weight:normal\" class=\"   nd_options_first_font \">Was sind elektromagnetische Wellen?<\/h2> <div style=\"background-color:;height: 20px\" class=\"nicdark_section  \"><\/div>[vc_column_text]<span style=\"font-weight: 400;\">Es ist eine innovative Behandlung, um die Muskelmasse zu erh\u00f6hen und lokalisiertes Fett zu reduzieren.<\/span><\/p>\n<p><span style=\"font-weight: 400;\">Das von <strong>SCULTOR<\/strong> angewandte elektromagnetische Feld hat viele Vorteile und ist aufgrund seiner hervorragenden Ergebnisse als reduzierende und tonisierende Behandlung in der Welt der \u00c4sthetik sehr beliebt.<\/span><\/p>\n<p><span style=\"font-weight: 400;\">Diese hochintensive fokussierte elektromagnetische Technologie basiert auf einem elektromagnetischen Feld, das 20.000 Muskelkontraktionen pro Sitzung erzeugt, was stundenlangem Training in einem Fitnessstudio entspricht.<\/span>[\/vc_column_text]<div style=\"background-color:;height: 30px\" class=\"nicdark_section  \"><\/div>[\/vc_column][vc_column width=&#8220;1\/3&#8243; css=&#8220;.vc_custom_1485856159511{padding-right: 30px !important;padding-left: 30px !important;}&#8220;][vc_row_inner][vc_column_inner el_class=&#8220;nd_options_padding_20_first_div_important_responsive&#8220; css=&#8220;.vc_custom_1485874450672{border-top-width: 1px !important;border-right-width: 1px !important;border-bottom-width: 1px !important;border-left-width: 1px !important;padding-top: 40px !important;padding-right: 40px !important;padding-bottom: 40px !important;padding-left: 40px !important;border-left-color: #f1f1f1 !important;border-left-style: solid !important;border-right-color: #f1f1f1 !important;border-right-style: solid !important;border-top-color: #f1f1f1 !important;border-top-style: solid !important;border-bottom-color: #f1f1f1 !important;border-bottom-style: solid !important;}&#8220;] <h5 style=\"color:#e4bdef;padding:px;text-align:center;font-size:18px;line-height:15px;letter-spacing: 3px;font-weight:bold\" class=\"   nd_options_second_font \">PREIS<\/h5> <div style=\"background-color:;height: 10px\" class=\"nicdark_section  \"><\/div> <h2 style=\"color:;padding:px;text-align:center;font-size:20px;line-height:25px;letter-spacing: px;font-weight:normal\" class=\"    \">Scultor - Elektromagnetische Wellen<\/h2> <div style=\"background-color:;height: 40px\" class=\"nicdark_section  \"><\/div>\n    <div class=\" nd_options_list_component_l1 nd_options_section nd_options_position_relative  \">\n\n        \n        \n        <div class=\"nd_options_section nd_options_height_15\"><\/div>\n        <div class=\"nd_options_section nd_options_position_relative\">\n            <div class=\"nd_options_position_absolute nd_options_height_3 nd_options_width_100_percentage nd_options_bottom_2 nd_options_border_bottom_2_dotted_grey\"><\/div>\n            <h4 class=\"  nd_options_bg_white nd_options_float_left nd_options_position_relative nd_options_padding_right_10\"><strong>1 Sitzung<\/strong><\/h4>\n            <h4 class=\"nd_options_bg_white nd_options_float_right nd_options_position_relative nd_options_padding_left_10\"><strong>45\u20ac<\/strong><\/h4>\n        <\/div>\n        <div class=\"nd_options_section nd_options_height_10\"><\/div>\n        <div class=\"nd_options_section\">\n            <p class=\"  nd_options_font_weight_lighter nd_options_float_left\"><\/p>\n            <p style=\"background-color:\" class=\" nd_options_color_grey nd_options_border_1_solid_grey nd_options_display_inline_block nd_options_first_font nd_options_padding_5_10 nd_options_border_radius_15 nd_options_float_right nd_options_font_size_13\">EMPFOHLEN<\/p>\n        <\/div>\n    <\/div>\n  <div style=\"background-color:;height: 10px\" class=\"nicdark_section  \"><\/div>\n    <div class=\" nd_options_list_component_l1 nd_options_section nd_options_position_relative  \">\n\n        \n        \n        <div class=\"nd_options_section nd_options_height_15\"><\/div>\n        <div class=\"nd_options_section nd_options_position_relative\">\n            <div class=\"nd_options_position_absolute nd_options_height_3 nd_options_width_100_percentage nd_options_bottom_2 nd_options_border_bottom_2_dotted_grey\"><\/div>\n            <h4 class=\"  nd_options_bg_white nd_options_float_left nd_options_position_relative nd_options_padding_right_10\"><strong>5 sitzung<\/strong><\/h4>\n            <h4 class=\"nd_options_bg_white nd_options_float_right nd_options_position_relative nd_options_padding_left_10\"><strong>150\u20ac<\/strong><\/h4>\n        <\/div>\n        <div class=\"nd_options_section nd_options_height_10\"><\/div>\n        <div class=\"nd_options_section\">\n            <p class=\"  nd_options_font_weight_lighter nd_options_float_left\"><\/p>\n            <p style=\"background-color:#e4bdef\" class=\" nd_options_color_white nd_options_display_inline_block nd_options_first_font nd_options_padding_5_10 nd_options_border_radius_15 nd_options_float_right nd_options_font_size_13\">Bindung<\/p>\n        <\/div>\n    <\/div>\n  <div style=\"background-color:;height: 10px\" class=\"nicdark_section  \"><\/div>\n    <div class=\" nd_options_list_component_l1 nd_options_section nd_options_position_relative  \">\n\n        \n        \n        <div class=\"nd_options_section nd_options_height_15\"><\/div>\n        <div class=\"nd_options_section nd_options_position_relative\">\n            <div class=\"nd_options_position_absolute nd_options_height_3 nd_options_width_100_percentage nd_options_bottom_2 nd_options_border_bottom_2_dotted_grey\"><\/div>\n            <h4 class=\"  nd_options_bg_white nd_options_float_left nd_options_position_relative nd_options_padding_right_10\"><strong>10 Sitzungen<\/strong><\/h4>\n            <h4 class=\"nd_options_bg_white nd_options_float_right nd_options_position_relative nd_options_padding_left_10\"><strong>280\u20ac<\/strong><\/h4>\n        <\/div>\n        <div class=\"nd_options_section nd_options_height_10\"><\/div>\n        <div class=\"nd_options_section\">\n            <p class=\"  nd_options_font_weight_lighter nd_options_float_left\"><\/p>\n            <p style=\"background-color:#e4bdef\" class=\" nd_options_color_white nd_options_display_inline_block nd_options_first_font nd_options_padding_5_10 nd_options_border_radius_15 nd_options_float_right nd_options_font_size_13\">Bindung<\/p>\n        <\/div>\n    <\/div>\n  <div style=\"background-color:;height: 10px\" class=\"nicdark_section  \"><\/div>[\/vc_column_inner][\/vc_row_inner][\/vc_column][\/vc_row][vc_row][vc_column]<div style=\"background-color:;height: 40px\" class=\"nicdark_section  \"><\/div> <h2 style=\"color:#727475;padding:px;text-align:;font-size:25px;line-height:25px;letter-spacing: px;font-weight:normal\" class=\"   nd_options_first_font \">Wie funktioniert es?<\/h2> <div style=\"background-color:;height: 20px\" class=\"nicdark_section  \"><\/div>[vc_column_text]<span style=\"font-weight: 400;\">SCULTOR erzeugt ein elektromagnetisches Feld, das 20.000 Kontraktionen pro<\/span> <span style=\"font-weight: 400;\">Sitzung erzeugt, um Muskelwachstum zu erreichen, Bauch, Arme, Beine zu straffen und das Ges\u00e4\u00df anzuheben; Diese Muskelkontraktionen verbrauchen eine gro\u00dfe Menge an Energie, die den Abbau von Fett ausl\u00f6st, das in wenigen Wochen aus dem K\u00f6rper ausgeschieden wird.<\/span><\/p>\n<p><span style=\"font-weight: 400;\">Mit dem SCULTOR gelingt es uns nicht nur, intensive Muskelarbeit und Straffung zu erreichen, sondern auch lokalisiertes Fett auf sichere, nicht-invasive und schmerzfreie Weise zu beseitigen<\/span> <span style=\"font-weight: 400;\">.<\/span>[\/vc_column_text]<div style=\"background-color:;height: 40px\" class=\"nicdark_section  \"><\/div> <h2 style=\"color:#727475;padding:px;text-align:;font-size:25px;line-height:25px;letter-spacing: px;font-weight:normal\" class=\"   nd_options_first_font \">Welche Ergebnisse werden erzielt?<\/h2> <div style=\"background-color:;height: 20px\" class=\"nicdark_section  \"><\/div>[vc_column_text]<\/p>\n<ul>\n<li style=\"list-style-type: none;\">\n<ul>\n<li><span style=\"font-weight: 400;\">Fett verbrennen und gleichzeitig Muskeln aufbauen.<\/span><\/li>\n<li><span style=\"font-weight: 400;\">K\u00f6rperumbau.<\/span><\/li>\n<li><span style=\"font-weight: 400;\">Lokalisierte Fettreduktion <\/span><\/li>\n<li><span style=\"font-weight: 400;\">Entwickelt und strafft die Bauch-, Arm- und Beinmuskulatur.<\/span><\/li>\n<li><span style=\"font-weight: 400;\">Heben Sie Ihr Ges\u00e4\u00df schnell und effektiv an.<\/span><\/li>\n<li><span style=\"font-weight: 400;\">Es aktiviert den Stoffwechsel und hilft uns, Giftstoffe auszuscheiden.<\/span><\/li>\n<li><span style=\"font-weight: 400;\">Flacher Bauch nach der Geburt. <\/span><\/li>\n<\/ul>\n<\/li>\n<\/ul>\n<p>[\/vc_column_text]<div style=\"background-color:;height: 40px\" class=\"nicdark_section  \"><\/div> <h2 style=\"color:#727475;padding:px;text-align:;font-size:25px;line-height:25px;letter-spacing: px;font-weight:normal\" class=\"   nd_options_first_font \">Wie viele Sitzungen sollten durchgef\u00fchrt werden?<\/h2> <div style=\"background-color:;height: 20px\" class=\"nicdark_section  \"><\/div>[vc_column_text]<span style=\"font-weight: 400;\">Als Behandlung ist es ratsam, zwei bis drei w\u00f6chentliche Sitzungen mit einem Abstand von einem Tag zwischen den Sitzungen und nicht weniger als 10 durchzuf\u00fchren. <\/span>[\/vc_column_text][\/vc_column][\/vc_row][vc_row css=&#8220;.vc_custom_1485860933865{margin-top: 20px !important;}&#8220;][vc_column css_animation=&#8220;fadeInLeft&#8220; width=&#8220;1\/2&#8243;]<div style=\"background-color:;height: 10px\" class=\"nicdark_section  \"><\/div>\n\n  <!--START FOCUS-->\n  <div class=\"nd_options_section nd_options_position_relative  \">\n                      \n      <img decoding=\"async\" alt=\"\" class=\"nd_options_section\" src=\"https:\/\/viveestetica.es\/wp-content\/uploads\/2017\/01\/Scultor-1-1024x682.jpg\">\n\n      <div class=\"nd_options_bg_greydark_alpha_gradient nd_options_position_absolute nd_options_left_0 nd_options_height_100_percentage nd_options_width_100_percentage nd_options_padding_30 nd_options_box_sizing_border_box\">\n          \n          <div class=\"nd_options_display_table nd_options_width_100_percentage nd_options_height_100_percentage nd_options_text_align_center\">\n          \n              <div class=\"nd_options_display_table_cell nd_options_vertical_align_bottom\">\n            \n                <a rel=\"\" title=\"\" target=\"_self\" class=\"nd_options_color_white\" href=\"\">\n                  <h4 class=\"nd_options_margin_0_important nd_options_color_white nd_options_color_white nd_options_second_font nd_options_letter_spacing_3 nd_options_font_weight_lighter\">\n                    \n                  <\/h4>\n                <\/a>\n\n              <\/div>\n\n          <\/div>\n\n      <\/div>\n\n  <\/div>\n  <!--END FOCUS-->\n                \n\n   <div style=\"background-color:;height: 42px\" class=\"nicdark_section  \"><\/div>\n\n  <!--START FOCUS-->\n  <div class=\"nd_options_section nd_options_position_relative  \">\n                      \n      <img decoding=\"async\" alt=\"\" class=\"nd_options_section\" src=\"https:\/\/viveestetica.es\/wp-content\/uploads\/2017\/01\/depilacion-laser-para-hombres.jpg\">\n\n      <div class=\"nd_options_bg_greydark_alpha_gradient nd_options_position_absolute nd_options_left_0 nd_options_height_100_percentage nd_options_width_100_percentage nd_options_padding_30 nd_options_box_sizing_border_box\">\n          \n          <div class=\"nd_options_display_table nd_options_width_100_percentage nd_options_height_100_percentage nd_options_text_align_center\">\n          \n              <div class=\"nd_options_display_table_cell nd_options_vertical_align_bottom\">\n            \n                <a rel=\"\" title=\"\" target=\"_self\" class=\"nd_options_color_white\" href=\"\">\n                  <h4 class=\"nd_options_margin_0_important nd_options_color_white nd_options_color_white nd_options_second_font nd_options_letter_spacing_3 nd_options_font_weight_lighter\">\n                    \n                  <\/h4>\n                <\/a>\n\n              <\/div>\n\n          <\/div>\n\n      <\/div>\n\n  <\/div>\n  <!--END FOCUS-->\n                \n\n   [\/vc_column][vc_column css_animation=&#8220;fadeInRight&#8220; width=&#8220;1\/2&#8243;]<div style=\"background-color:;height: 80px\" class=\"nicdark_section  \"><\/div>\n\n  <!--START FOCUS-->\n  <div class=\"nd_options_section nd_options_position_relative  \">\n                      \n      <img decoding=\"async\" alt=\"\" class=\"nd_options_section\" src=\"https:\/\/viveestetica.es\/wp-content\/uploads\/2017\/01\/perfect-sensual-sport-girl-female-body-in-white-lingerie-894x1024.jpg\">\n\n      <div class=\"nd_options_bg_greydark_alpha_gradient nd_options_position_absolute nd_options_left_0 nd_options_height_100_percentage nd_options_width_100_percentage nd_options_padding_30 nd_options_box_sizing_border_box\">\n          \n          <div class=\"nd_options_display_table nd_options_width_100_percentage nd_options_height_100_percentage nd_options_text_align_center\">\n          \n              <div class=\"nd_options_display_table_cell nd_options_vertical_align_bottom\">\n            \n                <a rel=\"\" title=\"\" target=\"_self\" class=\"nd_options_color_white\" href=\"\">\n                  <h4 class=\"nd_options_margin_0_important nd_options_color_white nd_options_color_white nd_options_second_font nd_options_letter_spacing_3 nd_options_font_weight_lighter\">\n                    \n                  <\/h4>\n                <\/a>\n\n              <\/div>\n\n          <\/div>\n\n      <\/div>\n\n  <\/div>\n  <!--END FOCUS-->\n                \n\n   [\/vc_column][\/vc_row][vc_row][vc_column]<div style=\"background-color:;height: 65px\" class=\"nicdark_section  \"><\/div>[\/vc_column][\/vc_row]<\/p>\n","protected":false},"excerpt":{"rendered":"<p>[vc_row][vc_column][\/vc_column][\/vc_row][vc_row css=&#8220;.vc_custom_1485860712352{margin-top: 40px !important;}&#8220;][vc_column width=&#8220;2\/3&#8243;][vc_column_text]Es ist eine innovative Behandlung, um die Muskelmasse zu erh\u00f6hen und lokalisiertes Fett zu reduzieren. Das von SCULTOR angewandte elektromagnetische Feld hat viele Vorteile und ist aufgrund seiner hervorragenden Ergebnisse als reduzierende und tonisierende Behandlung in der Welt der \u00c4sthetik sehr beliebt. Diese hochintensive fokussierte elektromagnetische Technologie basiert auf einem elektromagnetischen [&hellip;]<\/p>\n","protected":false},"author":1,"featured_media":0,"parent":0,"menu_order":0,"comment_status":"closed","ping_status":"closed","template":"","meta":{"footnotes":""},"class_list":["post-3609","page","type-page","status-publish","hentry"],"_links":{"self":[{"href":"https:\/\/viveestetica.es\/de\/wp-json\/wp\/v2\/pages\/3609"}],"collection":[{"href":"https:\/\/viveestetica.es\/de\/wp-json\/wp\/v2\/pages"}],"about":[{"href":"https:\/\/viveestetica.es\/de\/wp-json\/wp\/v2\/types\/page"}],"author":[{"embeddable":true,"href":"https:\/\/viveestetica.es\/de\/wp-json\/wp\/v2\/users\/1"}],"replies":[{"embeddable":true,"href":"https:\/\/viveestetica.es\/de\/wp-json\/wp\/v2\/comments?post=3609"}],"version-history":[{"count":5,"href":"https:\/\/viveestetica.es\/de\/wp-json\/wp\/v2\/pages\/3609\/revisions"}],"predecessor-version":[{"id":6248,"href":"https:\/\/viveestetica.es\/de\/wp-json\/wp\/v2\/pages\/3609\/revisions\/6248"}],"wp:attachment":[{"href":"https:\/\/viveestetica.es\/de\/wp-json\/wp\/v2\/media?parent=3609"}],"curies":[{"name":"wp","href":"https:\/\/api.w.org\/{rel}","templated":true}]}}