{"id":1735,"date":"2017-01-24T16:05:52","date_gmt":"2017-01-24T14:05:52","guid":{"rendered":"https:\/\/viveestetica.es\/ueber-uns"},"modified":"2023-05-22T11:42:58","modified_gmt":"2023-05-22T09:42:58","slug":"ueber-uns","status":"publish","type":"page","link":"https:\/\/viveestetica.es\/de\/ueber-uns","title":{"rendered":"\u00dcber uns?"},"content":{"rendered":"<p>[vc_row css=&#8220;.vc_custom_1484579625752{margin-top: 50px !important;}&#8220;][vc_column width=&#8220;1\/2&#8243; css=&#8220;.vc_custom_1467360650255{margin-top: 10px !important;margin-bottom: 10px !important;padding-top: 0px !important;padding-right: 40px !important;}&#8220;] <h2 style=\"color:#727475;padding:px;text-align:right;font-size:40px;line-height:50px;letter-spacing: px;font-weight:bold\" class=\"  nd_options_text_align_center_responsive_important nd_options_first_font \">Unser Zentrum besteht seit 2013 und betreut und verw\u00f6hnt jeden unserer Kunden.<\/h2> [\/vc_column][vc_column width=&#8220;1\/2&#8243; css=&#8220;.vc_custom_1467207292391{margin-top: 10px !important;margin-bottom: 10px !important;padding-top: 0px !important;}&#8220;] <h2 style=\"color:;padding:px;text-align:;font-size:20px;line-height:px;letter-spacing: px;font-weight:bold\" class=\"   nd_options_first_font \">Unsere Geschichte<\/h2> <div style=\"background-color:;height: 15px\" class=\"nicdark_section  \"><\/div>[vc_column_text el_class=&#8220;nd_options_text_align_center_responsive&#8220;]<strong>Vive Est\u00e9tica<\/strong> ist ein Unternehmen, dessen Anf\u00e4nge bis ins Jahr 2013 zur\u00fcckreichen und dessen Philosophie auf Engagement, Service und der Erforschung neuer \u00e4sthetischer Behandlungen und medizinisch-\u00e4sthetischer Ger\u00e4te beruht. Um diese Philosophie zu pflegen und zu verbessern, beginnt <strong>Vive Est\u00e9tica<\/strong> eine neue Phase an einem neuen, gem\u00fctlichen und hellen Ort, in der Avenida Comte de Sallent 29, Zwischengeschoss A.[\/vc_column_text]<div style=\"background-color:;height: 15px\" class=\"nicdark_section  \"><\/div> <h2 style=\"color:;padding:px;text-align:;font-size:20px;line-height:px;letter-spacing: px;font-weight:bold\" class=\"   nd_options_first_font \">Tore<\/h2> <div style=\"background-color:;height: 15px\" class=\"nicdark_section  \"><\/div>[vc_column_text el_class=&#8220;nd_options_text_align_center_responsive&#8220;]Unser Hauptziel ist es, Behandlungen auf personalisierte Weise zu optimieren, basierend auf Erfahrung und kontinuierlichem Recycling in neue Techniken und Ger\u00e4te, die uns dabei helfen. Wir arbeiten mit renommierten Marken wie <strong>SORISA-INDIBA, MESOESTETIC UND QUIRUMED<\/strong> zusammen.[\/vc_column_text][\/vc_column][\/vc_row][vc_row full_width=&#8220;stretch_row&#8220; parallax=&#8220;content-moving&#8220; parallax_image=&#8220;236&#8243; css=&#8220;.vc_custom_1485358938833{margin-top: 60px !important;padding-top: 100px !important;padding-bottom: 200px !important;}&#8220; el_class=&#8220;nd_options_vc_parallax_filter_1_3&#8243;][vc_column width=&#8220;1\/2&#8243;][\/vc_column][vc_column width=&#8220;1\/2&#8243; el_class=&#8220;nd_options_text_align_center&#8220;] <h1 style=\"color:#ffffff;padding:px;text-align:center;font-size:50px;line-height:50px;letter-spacing: px;font-weight:bold\" class=\"   nd_options_first_font \">UNSER TEAM<\/h1> <div style=\"background-color:;height: 30px\" class=\"nicdark_section  \"><\/div> <p style=\"color:#ffffff;padding:px;text-align:center;font-size:13px;line-height:25px;letter-spacing: 3px;font-weight:lighter\" class=\"   nd_options_second_font \">In st\u00e4ndiger Weiterbildung zu neuen Technologien bei Maschinen und \u00e4sthetischen medizinischen Behandlungen im Trend.<\/p> <div style=\"background-color:;height: 30px\" class=\"nicdark_section  \"><\/div>[\/vc_column][\/vc_row][vc_row css=&#8220;.vc_custom_1484665532676{margin-top: -110px !important;}&#8220;][vc_column width=&#8220;1\/4&#8243; css=&#8220;.vc_custom_1484665538182{margin-top: 10px !important;margin-bottom: 10px !important;padding-top: 0px !important;}&#8220;][\/vc_column][vc_column width=&#8220;1\/4&#8243; css=&#8220;.vc_custom_1484665542433{margin-top: 10px !important;margin-bottom: 10px !important;padding-top: 0px !important;}&#8220;]\n\n\n  <!--START team-->\n  <div class=\" nd_options_price_team_l4 nd_options_section  nd_options_text_align_center \">\n                                        \n    <!--image-->\n    <div class=\"nd_options_section\">\n        \n        <img decoding=\"async\" alt=\"\" class=\"nd_options_section\" src=\"https:\/\/viveestetica.es\/wp-content\/uploads\/2023\/02\/QUIENES-SOMOS-2-1024x1024.png\">\n\n    <\/div>\n    <!--image-->\n\n\n    <div class=\"nd_options_section nd_options_padding_20 nd_options_box_sizing_border_box\">\n    \n        <h2 class=\"nd_options_margin_0_important\"><strong>Isabel Otero<\/strong><\/h2>\n        <div class=\"nd_options_section nd_options_height_10\"><\/div> \n        <h6 class=\"nd_options_color_grey nd_options_font_size_12 nd_options_text_transform_uppercase nd_options_letter_spacing_3 nd_options_second_font nd_options_font_weight_lighter\">Zertifizierte Kosmetikerin mit langj\u00e4hriger Erfahrung<\/h6>\n        <div class=\"nd_options_section nd_options_height_20\"><\/div> \n        <p class=\"nd_options_margin_0_important\">Um dem Kunden eine Spitzenpflege zu bieten, bilde ich mich st\u00e4ndig in den verschiedenen Techniken und Ger\u00e4ten aus, die auf dem Markt angeboten werden, und versuche so, K\u00f6rper- und Gesichtsbehandlungen zu optimieren und zu perfektionieren, damit der Kunde effizientere und pr\u00e4zisere Ergebnisse erzielt. Ich charakterisiere mich als Person, die eine pers\u00f6nliche und herzliche Behandlung anbietet. Laser-Haarentfernungstechnik.<\/p>\n        <div class=\"nd_options_section nd_options_height_20\"><\/div> \n        <a rel=\"\" target=\"_self\" class=\"nd_options_margin_0_important nd_options_display_inline_block nd_options_color_grey nd_options_border_1_solid_grey nd_options_first_font nd_options_padding_8_12 nd_options_border_radius_20 nd_options_font_size_13\" href=\"\"><\/a>\n\n    <\/div>\n\n  <\/div>\n  <!--END team-->\n\n\n   [\/vc_column][vc_column width=&#8220;1\/4&#8243; css=&#8220;.vc_custom_1484665546136{margin-top: 10px !important;margin-bottom: 10px !important;padding-top: 0px !important;}&#8220;]\n\n\n  <!--START team-->\n  <div class=\" nd_options_price_team_l4 nd_options_section  nd_options_text_align_center \">\n                                        \n    <!--image-->\n    <div class=\"nd_options_section\">\n        \n        <img decoding=\"async\" alt=\"\" class=\"nd_options_section\" src=\"https:\/\/viveestetica.es\/wp-content\/uploads\/2023\/02\/QUIENES-SOMOS-1-1024x1024.png\">\n\n    <\/div>\n    <!--image-->\n\n\n    <div class=\"nd_options_section nd_options_padding_20 nd_options_box_sizing_border_box\">\n    \n        <h2 class=\"nd_options_margin_0_important\"><strong>Patricia Mayans<\/strong><\/h2>\n        <div class=\"nd_options_section nd_options_height_10\"><\/div> \n        <h6 class=\"nd_options_color_grey nd_options_font_size_12 nd_options_text_transform_uppercase nd_options_letter_spacing_3 nd_options_second_font nd_options_font_weight_lighter\">Kosmetikerin, Nageltechnikerin, Apothekentechnikerin<\/h6>\n        <div class=\"nd_options_section nd_options_height_20\"><\/div> \n        <p class=\"nd_options_margin_0_important\">Ich bilde mich kontinuierlich fort, um meinen Kunden eine exzellente Betreuung zu bieten. Ich bin st\u00e4ndig auf der Suche nach den besten Behandlungen und Arbeitsprotokollen. Manik\u00fcre-Techniker. Apothekentechniker<\/p>\n        <div class=\"nd_options_section nd_options_height_20\"><\/div> \n        <a rel=\"\" target=\"_self\" class=\"nd_options_margin_0_important nd_options_display_inline_block nd_options_color_grey nd_options_border_1_solid_grey nd_options_first_font nd_options_padding_8_12 nd_options_border_radius_20 nd_options_font_size_13\" href=\"\"><\/a>\n\n    <\/div>\n\n  <\/div>\n  <!--END team-->\n\n\n   [\/vc_column][vc_column width=&#8220;1\/4&#8243; css=&#8220;.vc_custom_1484665550332{margin-top: 10px !important;margin-bottom: 10px !important;padding-top: 0px !important;}&#8220;][\/vc_column][\/vc_row][vc_row full_width=&#8220;stretch_row&#8220; parallax=&#8220;content-moving&#8220; parallax_image=&#8220;107&#8243; css=&#8220;.vc_custom_1485338791195{margin-top: 60px !important;padding-top: 100px !important;padding-bottom: 100px !important;}&#8220; el_class=&#8220;nd_options_vc_parallax_filter_1_3&#8243;][vc_column width=&#8220;1\/4&#8243;][\/vc_column][\/vc_row]<\/p>\n","protected":false},"excerpt":{"rendered":"<p>[vc_row css=&#8220;.vc_custom_1484579625752{margin-top: 50px !important;}&#8220;][vc_column width=&#8220;1\/2&#8243; css=&#8220;.vc_custom_1467360650255{margin-top: 10px !important;margin-bottom: 10px !important;padding-top: 0px !important;padding-right: 40px !important;}&#8220;][\/vc_column][vc_column width=&#8220;1\/2&#8243; css=&#8220;.vc_custom_1467207292391{margin-top: 10px !important;margin-bottom: 10px !important;padding-top: 0px !important;}&#8220;][vc_column_text el_class=&#8220;nd_options_text_align_center_responsive&#8220;]Vive Est\u00e9tica ist ein Unternehmen, dessen Anf\u00e4nge bis ins Jahr 2013 zur\u00fcckreichen und dessen Philosophie auf Engagement, Service und der Erforschung neuer \u00e4sthetischer Behandlungen und medizinisch-\u00e4sthetischer Ger\u00e4te beruht. Um diese Philosophie zu pflegen [&hellip;]<\/p>\n","protected":false},"author":1,"featured_media":0,"parent":0,"menu_order":0,"comment_status":"closed","ping_status":"closed","template":"","meta":{"footnotes":""},"class_list":["post-1735","page","type-page","status-publish","hentry"],"_links":{"self":[{"href":"https:\/\/viveestetica.es\/de\/wp-json\/wp\/v2\/pages\/1735"}],"collection":[{"href":"https:\/\/viveestetica.es\/de\/wp-json\/wp\/v2\/pages"}],"about":[{"href":"https:\/\/viveestetica.es\/de\/wp-json\/wp\/v2\/types\/page"}],"author":[{"embeddable":true,"href":"https:\/\/viveestetica.es\/de\/wp-json\/wp\/v2\/users\/1"}],"replies":[{"embeddable":true,"href":"https:\/\/viveestetica.es\/de\/wp-json\/wp\/v2\/comments?post=1735"}],"version-history":[{"count":26,"href":"https:\/\/viveestetica.es\/de\/wp-json\/wp\/v2\/pages\/1735\/revisions"}],"predecessor-version":[{"id":5976,"href":"https:\/\/viveestetica.es\/de\/wp-json\/wp\/v2\/pages\/1735\/revisions\/5976"}],"wp:attachment":[{"href":"https:\/\/viveestetica.es\/de\/wp-json\/wp\/v2\/media?parent=1735"}],"curies":[{"name":"wp","href":"https:\/\/api.w.org\/{rel}","templated":true}]}}